{"id":5607,"date":"2022-05-09T11:01:35","date_gmt":"2022-05-09T11:01:35","guid":{"rendered":"http:\/\/dmn139.ipmarketing.grn.es\/politique-de-cookies\/"},"modified":"2023-11-30T13:04:02","modified_gmt":"2023-11-30T13:04:02","slug":"politique-de-cookies","status":"publish","type":"page","link":"https:\/\/evolya.com\/fr\/politique-de-cookies\/","title":{"rendered":"Politique de cookies"},"content":{"rendered":"\t\t<div data-elementor-type=\"wp-page\" data-elementor-id=\"5607\" class=\"elementor elementor-5607\" data-elementor-post-type=\"page\">\n\t\t\t\t\t\t<section class=\"elementor-section elementor-top-section elementor-element elementor-element-51026365 elementor-section-boxed elementor-section-height-default elementor-section-height-default elementor-invisible\" data-id=\"51026365\" data-element_type=\"section\" data-settings=\"{&quot;background_background&quot;:&quot;classic&quot;,&quot;animation&quot;:&quot;fadeIn&quot;}\">\n\t\t\t\t\t\t\t<div class=\"elementor-background-overlay\"><\/div>\n\t\t\t\t\t\t\t<div class=\"elementor-container elementor-column-gap-default\">\n\t\t\t\t\t<div class=\"elementor-column elementor-col-100 elementor-top-column elementor-element elementor-element-2ee07f79\" data-id=\"2ee07f79\" data-element_type=\"column\">\n\t\t\t<div class=\"elementor-widget-wrap elementor-element-populated\">\n\t\t\t\t\t\t<div class=\"elementor-element elementor-element-2e4406c2 elementor-invisible elementor-widget elementor-widget-heading\" data-id=\"2e4406c2\" data-element_type=\"widget\" data-settings=\"{&quot;_animation&quot;:&quot;fadeInUp&quot;}\" data-widget_type=\"heading.default\">\n\t\t\t\t<div class=\"elementor-widget-container\">\n\t\t\t\t\t<h1 class=\"elementor-heading-title elementor-size-default\">POLITIQUE DE COOKIES<\/h1>\t\t\t\t<\/div>\n\t\t\t\t<\/div>\n\t\t\t\t<div class=\"elementor-element elementor-element-59e17521 elementor-invisible elementor-widget elementor-widget-text-editor\" data-id=\"59e17521\" data-element_type=\"widget\" data-settings=\"{&quot;_animation&quot;:&quot;fadeInUp&quot;}\" data-widget_type=\"text-editor.default\">\n\t\t\t\t<div class=\"elementor-widget-container\">\n\t\t\t\t\t\t\t\t\t<p>INFORMATION BASIQUE SUR LA PROTECTION DES DONN\u00c9ES<\/p>\n\t\t\t\t\t\t\t\t<\/div>\n\t\t\t\t<\/div>\n\t\t\t\t\t<\/div>\n\t\t<\/div>\n\t\t\t\t\t<\/div>\n\t\t<\/section>\n\t\t\t\t<section class=\"elementor-section elementor-top-section elementor-element elementor-element-8e73ad0 elementor-section-boxed elementor-section-height-default elementor-section-height-default\" data-id=\"8e73ad0\" data-element_type=\"section\">\n\t\t\t\t\t\t<div class=\"elementor-container elementor-column-gap-default\">\n\t\t\t\t\t<div class=\"elementor-column elementor-col-100 elementor-top-column elementor-element elementor-element-628804a0\" data-id=\"628804a0\" data-element_type=\"column\">\n\t\t\t<div class=\"elementor-widget-wrap elementor-element-populated\">\n\t\t\t\t\t\t<div class=\"elementor-element elementor-element-5bcf2bff elementor-widget elementor-widget-text-editor\" data-id=\"5bcf2bff\" data-element_type=\"widget\" data-widget_type=\"text-editor.default\">\n\t\t\t\t<div class=\"elementor-widget-container\">\n\t\t\t\t\t\t\t\t\t<p>EVOLYA, SL, \u00e0 travers ce document, il recueille sa politique de collecte et de traitement des cookies, conform\u00e9ment aux dispositions de l&rsquo;article 22.2 de la loi 34\/2002 du 11 juillet sur les services de la soci\u00e9t\u00e9 de l&rsquo;information et du commerce \u00e9lectronique. (LSSICE).<\/p>\n\t\t\t\t\t\t\t\t<\/div>\n\t\t\t\t<\/div>\n\t\t\t\t<div class=\"elementor-element elementor-element-22b1c5d4 elementor-widget elementor-widget-text-editor\" data-id=\"22b1c5d4\" data-element_type=\"widget\" data-widget_type=\"text-editor.default\">\n\t\t\t\t<div class=\"elementor-widget-container\">\n\t\t\t\t\t\t\t\t\t<p>Les cookies sont stock\u00e9s dans l&rsquo;\u00e9quipement terminal de l&rsquo;utilisateur (ordinateur ou appareil mobile) et collectent des informations lors de la visite du site. <a style=\"color: inherit;\" href=\"https:\/\/www.evolya.com\/\">https:\/\/www.evolya.com<\/a>, afin d&rsquo;am\u00e9liorer leur convivialit\u00e9, de conna\u00eetre les habitudes de navigation ou les besoins des utilisateurs afin de s&rsquo;y adapter, ainsi que d&rsquo;obtenir des informations \u00e0 des fins statistiques. Dans le cas des utilisateurs d\u00e9j\u00e0 clients de l&rsquo;entit\u00e9, les informations collect\u00e9es avec les cookies serviront \u00e9galement \u00e0 les identifier lors de l&rsquo;acc\u00e8s aux diff\u00e9rents outils que l&rsquo;entit\u00e9 met \u00e0 leur disposition pour la gestion des services.<\/p>\n\t\t\t\t\t\t\t\t<\/div>\n\t\t\t\t<\/div>\n\t\t\t\t<div class=\"elementor-element elementor-element-5849778 elementor-widget elementor-widget-text-editor\" data-id=\"5849778\" data-element_type=\"widget\" data-widget_type=\"text-editor.default\">\n\t\t\t\t<div class=\"elementor-widget-container\">\n\t\t\t\t\t\t\t\t\t<p>Cette politique de cookies s&rsquo;appliquera aux utilisateurs qui visitent volontairement les pages Web de l&rsquo;entit\u00e9, remplissent des formulaires de collecte de donn\u00e9es, acc\u00e8dent aux outils que l&rsquo;entit\u00e9 met \u00e0 la disposition de ses clients pour g\u00e9rer ses services ou utilisent tout autre service pr\u00e9sent sur le site Web qui implique la communication de donn\u00e9es \u00e0 l&rsquo;entit\u00e9, ou l&rsquo;acc\u00e8s aux donn\u00e9es par l&rsquo;entit\u00e9, pour la fourniture de ses services. S&rsquo;y adapter, ainsi qu&rsquo;obtenir des informations \u00e0 des fins statistiques. Dans le cas des utilisateurs d\u00e9j\u00e0 clients de l&rsquo;entit\u00e9, les informations collect\u00e9es avec les cookies serviront \u00e9galement \u00e0 les identifier lors de l&rsquo;acc\u00e8s aux diff\u00e9rents outils que l&rsquo;entit\u00e9 met \u00e0 leur disposition pour la gestion des services.<\/p>\n\t\t\t\t\t\t\t\t<\/div>\n\t\t\t\t<\/div>\n\t\t\t\t<div class=\"elementor-element elementor-element-903448d elementor-widget elementor-widget-text-editor\" data-id=\"903448d\" data-element_type=\"widget\" data-widget_type=\"text-editor.default\">\n\t\t\t\t<div class=\"elementor-widget-container\">\n\t\t\t\t\t\t\t\t\t<p>EVOLYA, SL informe les utilisateurs de ses pages web de l&rsquo;existence de cookies et met \u00e0 leur disposition la pr\u00e9sente Politique afin de les informer de leur utilisation et de leur finalit\u00e9. Le fait de poursuivre la navigation sur ses pages implique la connaissance et l&rsquo;acceptation de cette Politique par lesdits utilisateurs.<\/p>\n\t\t\t\t\t\t\t\t<\/div>\n\t\t\t\t<\/div>\n\t\t\t\t<div class=\"elementor-element elementor-element-ab26268 elementor-widget elementor-widget-text-editor\" data-id=\"ab26268\" data-element_type=\"widget\" data-widget_type=\"text-editor.default\">\n\t\t\t\t<div class=\"elementor-widget-container\">\n\t\t\t\t\t\t\t\t\t<p><strong>TYPES DE COOKIES:<\/strong><\/p>\n\t\t\t\t\t\t\t\t<\/div>\n\t\t\t\t<\/div>\n\t\t\t\t<div class=\"elementor-element elementor-element-d95b6ed elementor-widget elementor-widget-text-editor\" data-id=\"d95b6ed\" data-element_type=\"widget\" data-widget_type=\"text-editor.default\">\n\t\t\t\t<div class=\"elementor-widget-container\">\n\t\t\t\t\t\t\t\t\t<p><strong>Class\u00e9 par propri\u00e9t\u00e9:<\/strong><\/p>\n<p>* Cookies propres: envoy\u00e9s et g\u00e9r\u00e9s directement par l&rsquo;entit\u00e9.<\/p>\n<p>* Cookies tiers: envoy\u00e9s et g\u00e9r\u00e9s par un tiers ext\u00e9rieur \u00e0 l&rsquo;entit\u00e9, de mani\u00e8re anonyme, afin de r\u00e9aliser des \u00e9tudes statistiques de navigation sur les pages web de l&rsquo;entit\u00e9.<\/p>\n\t\t\t\t\t\t\t\t<\/div>\n\t\t\t\t<\/div>\n\t\t\t\t<div class=\"elementor-element elementor-element-cc8d53b elementor-widget elementor-widget-text-editor\" data-id=\"cc8d53b\" data-element_type=\"widget\" data-widget_type=\"text-editor.default\">\n\t\t\t\t<div class=\"elementor-widget-container\">\n\t\t\t\t\t\t\t\t\t<p><strong>Class\u00e9 par objectif<\/strong>:<\/p>\n<p>* Cookies techniques et\/ou de personnalisation : ils facilitent la navigation, en identifiant la session, permettant l&rsquo;acc\u00e8s \u00e0 des outils d&rsquo;acc\u00e8s restreint, en plus de personnaliser les options disponibles. Ils permettent la fourniture du service pr\u00e9alablement demand\u00e9 par l&rsquo;utilisateur.<\/p>\n<p>* Cookies d&rsquo;analyse et\/ou publicitaires : ils permettent de conna\u00eetre le nombre de visites re\u00e7ues dans les diff\u00e9rentes sections des pages Web, les habitudes et les tendances de ses utilisateurs et, par cons\u00e9quent, de pouvoir am\u00e9liorer la navigation et le service offert par l&rsquo;entit\u00e9 ( fondamentalement, Google Analytics), ainsi que g\u00e9rer les espaces publicitaires inclus dans le site Web visit\u00e9 par l&rsquo;utilisateur. Collecter des donn\u00e9es de mani\u00e8re anonyme afin d&rsquo;obtenir des profils de navigation des utilisateurs.<\/p>\n<p>* Cookies de r\u00e9seaux sociaux externes : ils sont utilis\u00e9s pour que les visiteurs puissent interagir avec le contenu des diff\u00e9rentes plateformes sociales (facebook, youtube, twitter, linkedIn, etc.) et qu&rsquo;ils soient g\u00e9n\u00e9r\u00e9s uniquement pour les utilisateurs desdits r\u00e9seaux sociaux. Les conditions d&rsquo;utilisation de ces cookies et les informations collect\u00e9es sont r\u00e9gies par la politique de confidentialit\u00e9 de la plateforme sociale correspondante.<\/p>\n\t\t\t\t\t\t\t\t<\/div>\n\t\t\t\t<\/div>\n\t\t\t\t<div class=\"elementor-element elementor-element-11026f9 elementor-widget elementor-widget-text-editor\" data-id=\"11026f9\" data-element_type=\"widget\" data-widget_type=\"text-editor.default\">\n\t\t\t\t<div class=\"elementor-widget-container\">\n\t\t\t\t\t\t\t\t\t<p><strong>Class\u00e9s par leur dur\u00e9e:<\/strong><\/p>\n<p>\n* Cookies de session: collectent et stockent des donn\u00e9es pendant que l&rsquo;utilisateur acc\u00e8de au site Web<\/p>\n<p>* Cookies persistants: ils collectent et stockent des donn\u00e9es dans le terminal de l&rsquo;utilisateur pendant une dur\u00e9e variable en fonction de la finalit\u00e9 pour laquelle ils ont \u00e9t\u00e9 utilis\u00e9s.<\/p>\n\t\t\t\t\t\t\t\t<\/div>\n\t\t\t\t<\/div>\n\t\t\t\t<div class=\"elementor-element elementor-element-7c68203 elementor-widget elementor-widget-text-editor\" data-id=\"7c68203\" data-element_type=\"widget\" data-widget_type=\"text-editor.default\">\n\t\t\t\t<div class=\"elementor-widget-container\">\n\t\t\t\t\t\t\t\t\t<strong>D\u00c9SACTIVATION ET SUPPRESSION DES COOKIES<\/strong>\r\n\t\t\t\t\t\t\t\t<\/div>\n\t\t\t\t<\/div>\n\t\t\t\t<div class=\"elementor-element elementor-element-f6cf5ab elementor-widget elementor-widget-text-editor\" data-id=\"f6cf5ab\" data-element_type=\"widget\" data-widget_type=\"text-editor.default\">\n\t\t\t\t<div class=\"elementor-widget-container\">\n\t\t\t\t\t\t\t\t\t<p>Vous avez la possibilit\u00e9 d&rsquo;autoriser, de bloquer ou de supprimer les cookies install\u00e9s sur votre ordinateur en configurant les options du navigateur install\u00e9 sur votre ordinateur. En d\u00e9sactivant les cookies, certains des services disponibles peuvent ne plus \u00eatre op\u00e9rationnels. La fa\u00e7on de d\u00e9sactiver les cookies est diff\u00e9rente pour chaque navigateur, mais cela peut g\u00e9n\u00e9ralement \u00eatre fait \u00e0 partir du menu Outils ou Options. Vous pouvez \u00e9galement consulter le menu Aide du navigateur o\u00f9 vous trouverez des instructions.<\/p>\n\t\t\t\t\t\t\t\t<\/div>\n\t\t\t\t<\/div>\n\t\t\t\t<div class=\"elementor-element elementor-element-4a7a732 elementor-widget elementor-widget-text-editor\" data-id=\"4a7a732\" data-element_type=\"widget\" data-widget_type=\"text-editor.default\">\n\t\t\t\t<div class=\"elementor-widget-container\">\n\t\t\t\t\t\t\t\t\t<p>L&rsquo;utilisateur peut \u00e0 tout moment choisir les cookies qu&rsquo;il souhaite faire fonctionner sur ce site. Vous pouvez autoriser, bloquer ou supprimer les cookies install\u00e9s sur votre ordinateur en configurant les options du navigateur install\u00e9 sur votre ordinateur:<\/p>\n\t\t\t\t\t\t\t\t<\/div>\n\t\t\t\t<\/div>\n\t\t\t\t<div class=\"elementor-element elementor-element-fe654b6 elementor-widget elementor-widget-text-editor\" data-id=\"fe654b6\" data-element_type=\"widget\" data-widget_type=\"text-editor.default\">\n\t\t\t\t<div class=\"elementor-widget-container\">\n\t\t\t\t\t\t\t\t\t<p>Microsoft Internet Explorer ou Microsoft Edge: <a style=\"color: inherit;\" href=\"http:\/\/windows.microsoft.com\/es-es\/windows-vista\/Block-or-allow-cookies\">http:\/\/windows.microsoft.com\/es-es\/windows-vista\/Block-or-allow-cookies<\/a><\/p>\n<p>Mozilla Firefox: <a style=\"color: inherit;\" href=\"http:\/\/support.mozilla.org\/es\/kb\/impedir-que-los-sitios-web-guarden-sus-preferencia\">http:\/\/support.mozilla.org\/es\/kb\/impedir-que-los-sitios-web-guarden-sus-preferencia<\/a><\/p>\n<p>Chrome: <a style=\"color: inherit;\" href=\"https:\/\/support.google.com\/accounts\/answer\/61416?hl=es\">https:\/\/support.google.com\/accounts\/answer\/61416?hl=es<\/a><\/p>\n<p>Safari: <a style=\"color: inherit;\" href=\"http:\/\/safari.helpmax.net\/es\/privacidad-y-seguridad\/como-gestionar-las-cookies\/\">http:\/\/safari.helpmax.net\/es\/privacidad-y-seguridad\/como-gestionar-las-cookies\/<\/a><\/p>\n<p>Opera:<br \/><a style=\"color: inherit;\" href=\"http:\/\/help.opera.com\/Linux\/10.60\/es-ES\/cookies.html\">http:\/\/help.opera.com\/Linux\/10.60\/es-ES\/cookies.html<\/a><\/p>\n<p>En outre, vous pouvez \u00e9galement g\u00e9rer le magasin de cookies dans votre navigateur via des outils tels que les suivants<\/p>\n<p>Ghostery: <a style=\"color: inherit;\" href=\"http:\/\/www.ghostery.com\/\">www.ghostery.com\/<\/a><\/p>\n<p>Your online choices: <a style=\"color: inherit;\" href=\"http:\/\/www.youronlinechoices.com\/es\/\">www.youronlinechoices.com\/es\/<\/a><\/p>\n\t\t\t\t\t\t\t\t<\/div>\n\t\t\t\t<\/div>\n\t\t\t\t<div class=\"elementor-element elementor-element-390e249 elementor-widget elementor-widget-text-editor\" data-id=\"390e249\" data-element_type=\"widget\" data-widget_type=\"text-editor.default\">\n\t\t\t\t<div class=\"elementor-widget-container\">\n\t\t\t\t\t\t\t\t\t<p>Les cookies utilis\u00e9s sur ce portail web www.evolya.com, propri\u00e9t\u00e9 d&rsquo;EVOLYA, SL, sont identifi\u00e9s ci-dessous, ainsi que leur type et leur fonction:<\/p>\n\t\t\t\t\t\t\t\t<\/div>\n\t\t\t\t<\/div>\n\t\t\t\t<div class=\"elementor-element elementor-element-5a4f128 elementor-widget elementor-widget-text-editor\" data-id=\"5a4f128\" data-element_type=\"widget\" data-widget_type=\"text-editor.default\">\n\t\t\t\t<div class=\"elementor-widget-container\">\n\t\t\t\t\t\t\t\t\t<p>D\u00e9claration relative aux cookies pour la derni\u00e8re fois mise \u00e0 jour le 01\/01\/2022:<\/p>\n\t\t\t\t\t\t\t\t<\/div>\n\t\t\t\t<\/div>\n\t\t\t\t\t<\/div>\n\t\t<\/div>\n\t\t\t\t\t<\/div>\n\t\t<\/section>\n\t\t\t\t<section class=\"elementor-section elementor-top-section elementor-element elementor-element-624ea00 elementor-section-boxed elementor-section-height-default elementor-section-height-default\" data-id=\"624ea00\" data-element_type=\"section\">\n\t\t\t\t\t\t<div class=\"elementor-container elementor-column-gap-default\">\n\t\t\t\t\t<div class=\"elementor-column elementor-col-100 elementor-top-column elementor-element elementor-element-6c940e4\" data-id=\"6c940e4\" data-element_type=\"column\">\n\t\t\t<div class=\"elementor-widget-wrap elementor-element-populated\">\n\t\t\t\t\t\t<div class=\"elementor-element elementor-element-4bab545 elementor-widget elementor-widget-html\" data-id=\"4bab545\" data-element_type=\"widget\" data-widget_type=\"html.default\">\n\t\t\t\t<div class=\"elementor-widget-container\">\n\t\t\t\t\t<script id=\"CookieDeclaration\" src=\"https:\/\/consent.cookiebot.com\/fd55a6f0-fdc7-405b-9682-addbe9c00fff\/cd.js\" type=\"text\/javascript\" async><\/script>\t\t\t\t<\/div>\n\t\t\t\t<\/div>\n\t\t\t\t\t<\/div>\n\t\t<\/div>\n\t\t\t\t\t<\/div>\n\t\t<\/section>\n\t\t\t\t<\/div>\n\t\t","protected":false},"excerpt":{"rendered":"<p>POLITIQUE DE COOKIES INFORMATION BASIQUE SUR LA PROTECTION DES DONN\u00c9ES EVOLYA, SL, \u00e0 travers ce document, il recueille sa politique de collecte et de traitement des cookies, conform\u00e9ment aux dispositions de l&rsquo;article 22.2 de la loi 34\/2002 du 11 juillet sur les services de la soci\u00e9t\u00e9 de l&rsquo;information et du commerce \u00e9lectronique. (LSSICE). Les cookies [&hellip;]<\/p>\n","protected":false},"author":1,"featured_media":0,"parent":0,"menu_order":0,"comment_status":"closed","ping_status":"closed","template":"elementor_header_footer","meta":{"footnotes":""},"class_list":["post-5607","page","type-page","status-publish","hentry"],"yoast_head":"<!-- This site is optimized with the Yoast SEO plugin v24.3 - https:\/\/yoast.com\/wordpress\/plugins\/seo\/ -->\n<title>Politique de cookies - Evolya<\/title>\n<meta name=\"robots\" content=\"index, follow, max-snippet:-1, max-image-preview:large, max-video-preview:-1\" \/>\n<link rel=\"canonical\" href=\"https:\/\/evolya.com\/politica-de-cookies\/\" \/>\n<meta property=\"og:locale\" content=\"fr_FR\" \/>\n<meta property=\"og:type\" content=\"article\" \/>\n<meta property=\"og:title\" content=\"Politique de cookies - Evolya\" \/>\n<meta property=\"og:description\" content=\"POLITIQUE DE COOKIES INFORMATION BASIQUE SUR LA PROTECTION DES DONN\u00c9ES EVOLYA, SL, \u00e0 travers ce document, il recueille sa politique de collecte et de traitement des cookies, conform\u00e9ment aux dispositions de l&rsquo;article 22.2 de la loi 34\/2002 du 11 juillet sur les services de la soci\u00e9t\u00e9 de l&rsquo;information et du commerce \u00e9lectronique. (LSSICE). Les cookies [&hellip;]\" \/>\n<meta property=\"og:url\" content=\"https:\/\/evolya.com\/politica-de-cookies\/\" \/>\n<meta property=\"og:site_name\" content=\"Evolya\" \/>\n<meta property=\"article:modified_time\" content=\"2023-11-30T13:04:02+00:00\" \/>\n<meta name=\"twitter:card\" content=\"summary_large_image\" \/>\n<meta name=\"twitter:label1\" content=\"Dur\u00e9e de lecture estim\u00e9e\" \/>\n\t<meta name=\"twitter:data1\" content=\"4 minutes\" \/>\n<script type=\"application\/ld+json\" class=\"yoast-schema-graph\">{\"@context\":\"https:\/\/schema.org\",\"@graph\":[{\"@type\":\"WebPage\",\"@id\":\"https:\/\/evolya.com\/politica-de-cookies\/\",\"url\":\"https:\/\/evolya.com\/politica-de-cookies\/\",\"name\":\"Politique de cookies - Evolya\",\"isPartOf\":{\"@id\":\"https:\/\/evolya.com\/#website\"},\"datePublished\":\"2022-05-09T11:01:35+00:00\",\"dateModified\":\"2023-11-30T13:04:02+00:00\",\"breadcrumb\":{\"@id\":\"https:\/\/evolya.com\/politica-de-cookies\/#breadcrumb\"},\"inLanguage\":\"fr-FR\",\"potentialAction\":[{\"@type\":\"ReadAction\",\"target\":[\"https:\/\/evolya.com\/politica-de-cookies\/\"]}]},{\"@type\":\"BreadcrumbList\",\"@id\":\"https:\/\/evolya.com\/politica-de-cookies\/#breadcrumb\",\"itemListElement\":[{\"@type\":\"ListItem\",\"position\":1,\"name\":\"Portada\",\"item\":\"https:\/\/evolya.com\/error-404\/\"},{\"@type\":\"ListItem\",\"position\":2,\"name\":\"Politique de cookies\"}]},{\"@type\":\"WebSite\",\"@id\":\"https:\/\/evolya.com\/#website\",\"url\":\"https:\/\/evolya.com\/\",\"name\":\"Evolya\",\"description\":\"Evoluci\u00f3n y agricultura\",\"publisher\":{\"@id\":\"https:\/\/evolya.com\/#organization\"},\"potentialAction\":[{\"@type\":\"SearchAction\",\"target\":{\"@type\":\"EntryPoint\",\"urlTemplate\":\"https:\/\/evolya.com\/?s={search_term_string}\"},\"query-input\":{\"@type\":\"PropertyValueSpecification\",\"valueRequired\":true,\"valueName\":\"search_term_string\"}}],\"inLanguage\":\"fr-FR\"},{\"@type\":\"Organization\",\"@id\":\"https:\/\/evolya.com\/#organization\",\"name\":\"Evolya\",\"url\":\"https:\/\/evolya.com\/\",\"logo\":{\"@type\":\"ImageObject\",\"inLanguage\":\"fr-FR\",\"@id\":\"https:\/\/evolya.com\/#\/schema\/logo\/image\/\",\"url\":\"https:\/\/evolya.com\/wp-content\/uploads\/logo-header.jpg\",\"contentUrl\":\"https:\/\/evolya.com\/wp-content\/uploads\/logo-header.jpg\",\"width\":186,\"height\":58,\"caption\":\"Evolya\"},\"image\":{\"@id\":\"https:\/\/evolya.com\/#\/schema\/logo\/image\/\"}}]}<\/script>\n<!-- \/ Yoast SEO plugin. -->","yoast_head_json":{"title":"Politique de cookies - Evolya","robots":{"index":"index","follow":"follow","max-snippet":"max-snippet:-1","max-image-preview":"max-image-preview:large","max-video-preview":"max-video-preview:-1"},"canonical":"https:\/\/evolya.com\/politica-de-cookies\/","og_locale":"fr_FR","og_type":"article","og_title":"Politique de cookies - Evolya","og_description":"POLITIQUE DE COOKIES INFORMATION BASIQUE SUR LA PROTECTION DES DONN\u00c9ES EVOLYA, SL, \u00e0 travers ce document, il recueille sa politique de collecte et de traitement des cookies, conform\u00e9ment aux dispositions de l&rsquo;article 22.2 de la loi 34\/2002 du 11 juillet sur les services de la soci\u00e9t\u00e9 de l&rsquo;information et du commerce \u00e9lectronique. (LSSICE). Les cookies [&hellip;]","og_url":"https:\/\/evolya.com\/politica-de-cookies\/","og_site_name":"Evolya","article_modified_time":"2023-11-30T13:04:02+00:00","twitter_card":"summary_large_image","twitter_misc":{"Dur\u00e9e de lecture estim\u00e9e":"4 minutes"},"schema":{"@context":"https:\/\/schema.org","@graph":[{"@type":"WebPage","@id":"https:\/\/evolya.com\/politica-de-cookies\/","url":"https:\/\/evolya.com\/politica-de-cookies\/","name":"Politique de cookies - Evolya","isPartOf":{"@id":"https:\/\/evolya.com\/#website"},"datePublished":"2022-05-09T11:01:35+00:00","dateModified":"2023-11-30T13:04:02+00:00","breadcrumb":{"@id":"https:\/\/evolya.com\/politica-de-cookies\/#breadcrumb"},"inLanguage":"fr-FR","potentialAction":[{"@type":"ReadAction","target":["https:\/\/evolya.com\/politica-de-cookies\/"]}]},{"@type":"BreadcrumbList","@id":"https:\/\/evolya.com\/politica-de-cookies\/#breadcrumb","itemListElement":[{"@type":"ListItem","position":1,"name":"Portada","item":"https:\/\/evolya.com\/error-404\/"},{"@type":"ListItem","position":2,"name":"Politique de cookies"}]},{"@type":"WebSite","@id":"https:\/\/evolya.com\/#website","url":"https:\/\/evolya.com\/","name":"Evolya","description":"Evoluci\u00f3n y agricultura","publisher":{"@id":"https:\/\/evolya.com\/#organization"},"potentialAction":[{"@type":"SearchAction","target":{"@type":"EntryPoint","urlTemplate":"https:\/\/evolya.com\/?s={search_term_string}"},"query-input":{"@type":"PropertyValueSpecification","valueRequired":true,"valueName":"search_term_string"}}],"inLanguage":"fr-FR"},{"@type":"Organization","@id":"https:\/\/evolya.com\/#organization","name":"Evolya","url":"https:\/\/evolya.com\/","logo":{"@type":"ImageObject","inLanguage":"fr-FR","@id":"https:\/\/evolya.com\/#\/schema\/logo\/image\/","url":"https:\/\/evolya.com\/wp-content\/uploads\/logo-header.jpg","contentUrl":"https:\/\/evolya.com\/wp-content\/uploads\/logo-header.jpg","width":186,"height":58,"caption":"Evolya"},"image":{"@id":"https:\/\/evolya.com\/#\/schema\/logo\/image\/"}}]}},"_links":{"self":[{"href":"https:\/\/evolya.com\/fr\/wp-json\/wp\/v2\/pages\/5607","targetHints":{"allow":["GET"]}}],"collection":[{"href":"https:\/\/evolya.com\/fr\/wp-json\/wp\/v2\/pages"}],"about":[{"href":"https:\/\/evolya.com\/fr\/wp-json\/wp\/v2\/types\/page"}],"author":[{"embeddable":true,"href":"https:\/\/evolya.com\/fr\/wp-json\/wp\/v2\/users\/1"}],"replies":[{"embeddable":true,"href":"https:\/\/evolya.com\/fr\/wp-json\/wp\/v2\/comments?post=5607"}],"version-history":[{"count":0,"href":"https:\/\/evolya.com\/fr\/wp-json\/wp\/v2\/pages\/5607\/revisions"}],"wp:attachment":[{"href":"https:\/\/evolya.com\/fr\/wp-json\/wp\/v2\/media?parent=5607"}],"curies":[{"name":"wp","href":"https:\/\/api.w.org\/{rel}","templated":true}]}}