{"id":5589,"date":"2022-05-09T09:32:07","date_gmt":"2022-05-09T09:32:07","guid":{"rendered":"http:\/\/dmn139.ipmarketing.grn.es\/informations\/"},"modified":"2023-01-24T10:57:49","modified_gmt":"2023-01-24T10:57:49","slug":"informations","status":"publish","type":"page","link":"https:\/\/evolya.com\/fr\/informations\/","title":{"rendered":"Informations"},"content":{"rendered":"\t\t<div data-elementor-type=\"wp-page\" data-elementor-id=\"5589\" class=\"elementor elementor-5589\" data-elementor-post-type=\"page\">\n\t\t\t\t\t\t<section class=\"elementor-section elementor-top-section elementor-element elementor-element-b298aa3 elementor-section-boxed elementor-section-height-default elementor-section-height-default elementor-invisible\" data-id=\"b298aa3\" data-element_type=\"section\" data-settings=\"{&quot;background_background&quot;:&quot;classic&quot;,&quot;animation&quot;:&quot;fadeIn&quot;}\">\n\t\t\t\t\t\t\t<div class=\"elementor-background-overlay\"><\/div>\n\t\t\t\t\t\t\t<div class=\"elementor-container elementor-column-gap-default\">\n\t\t\t\t\t<div class=\"elementor-column elementor-col-100 elementor-top-column elementor-element elementor-element-a9222f0\" data-id=\"a9222f0\" data-element_type=\"column\">\n\t\t\t<div class=\"elementor-widget-wrap elementor-element-populated\">\n\t\t\t\t\t\t<div class=\"elementor-element elementor-element-e7740a9 elementor-invisible elementor-widget elementor-widget-text-editor\" data-id=\"e7740a9\" data-element_type=\"widget\" data-settings=\"{&quot;_animation&quot;:&quot;fadeInUp&quot;}\" data-widget_type=\"text-editor.default\">\n\t\t\t\t<div class=\"elementor-widget-container\">\n\t\t\t\t\t\t\t\t\t<h1><span style=\"color: #012698; font-size: 1.3em;\">\r\nINNOVATION ET COMPROMIS\r\n<\/span>\r\n<br \/>\r\n<span style=\"text-transform: uppercase; font-size: .6em; line-height: 0; color: #012698;\">\r\nSOLUTIONS ADAPT\u00c9ES \u00c0 VOS N\u00c9CESSIT\u00c9S\r\n<\/span><\/h1>\t\t\t\t\t\t\t\t<\/div>\n\t\t\t\t<\/div>\n\t\t\t\t\t<\/div>\n\t\t<\/div>\n\t\t\t\t\t<\/div>\n\t\t<\/section>\n\t\t\t\t<section class=\"elementor-section elementor-top-section elementor-element elementor-element-73dfa2f elementor-section-boxed elementor-section-height-default elementor-section-height-default\" data-id=\"73dfa2f\" data-element_type=\"section\" data-settings=\"{&quot;background_background&quot;:&quot;classic&quot;}\">\n\t\t\t\t\t\t<div class=\"elementor-container elementor-column-gap-default\">\n\t\t\t\t\t<div class=\"elementor-column elementor-col-100 elementor-top-column elementor-element elementor-element-a834d73\" data-id=\"a834d73\" data-element_type=\"column\">\n\t\t\t<div class=\"elementor-widget-wrap elementor-element-populated\">\n\t\t\t\t\t\t<div class=\"elementor-element elementor-element-2b78f0aa elementor-grid-tablet-1 elementor-grid-1 elementor-posts--thumbnail-left bloque-noticias elementor-grid-mobile-1 elementor-invisible elementor-widget elementor-widget-posts\" data-id=\"2b78f0aa\" data-element_type=\"widget\" data-settings=\"{&quot;classic_columns_tablet&quot;:&quot;1&quot;,&quot;classic_row_gap&quot;:{&quot;unit&quot;:&quot;px&quot;,&quot;size&quot;:20,&quot;sizes&quot;:[]},&quot;_animation&quot;:&quot;fadeInUp&quot;,&quot;classic_columns&quot;:&quot;1&quot;,&quot;pagination_type&quot;:&quot;numbers_and_prev_next&quot;,&quot;classic_columns_mobile&quot;:&quot;1&quot;,&quot;classic_row_gap_tablet&quot;:{&quot;unit&quot;:&quot;px&quot;,&quot;size&quot;:&quot;&quot;,&quot;sizes&quot;:[]},&quot;classic_row_gap_mobile&quot;:{&quot;unit&quot;:&quot;px&quot;,&quot;size&quot;:&quot;&quot;,&quot;sizes&quot;:[]}}\" data-widget_type=\"posts.classic\">\n\t\t\t\t<div class=\"elementor-widget-container\">\n\t\t\t\t\t\t\t<div class=\"elementor-posts-container elementor-posts elementor-posts--skin-classic elementor-grid\">\n\t\t\t\t<article class=\"elementor-post elementor-grid-item post-5671 post type-post status-publish format-standard has-post-thumbnail hentry category-non-classifiee\">\n\t\t\t\t<a class=\"elementor-post__thumbnail__link\" href=\"https:\/\/evolya.com\/fr\/non-classifiee\/evolya-au-23eme-atelier-fruits-organise-par-lirta\/\" tabindex=\"-1\" >\n\t\t\t<div class=\"elementor-post__thumbnail\"><img fetchpriority=\"high\" decoding=\"async\" width=\"1600\" height=\"450\" src=\"https:\/\/evolya.com\/wp-content\/uploads\/image-fira.jpg\" class=\"attachment-full size-full wp-image-3608\" alt=\"\" srcset=\"https:\/\/evolya.com\/wp-content\/uploads\/image-fira.jpg 1600w, https:\/\/evolya.com\/wp-content\/uploads\/image-fira-300x84.jpg 300w, https:\/\/evolya.com\/wp-content\/uploads\/image-fira-1024x288.jpg 1024w, https:\/\/evolya.com\/wp-content\/uploads\/image-fira-768x216.jpg 768w, https:\/\/evolya.com\/wp-content\/uploads\/image-fira-1536x432.jpg 1536w\" sizes=\"(max-width: 1600px) 100vw, 1600px\" \/><\/div>\n\t\t<\/a>\n\t\t\t\t<div class=\"elementor-post__text\">\n\t\t\t\t<h2 class=\"elementor-post__title\">\n\t\t\t<a href=\"https:\/\/evolya.com\/fr\/non-classifiee\/evolya-au-23eme-atelier-fruits-organise-par-lirta\/\" >\n\t\t\t\tEvolya au 23\u00e8me atelier fruits organis\u00e9 par l&rsquo;IRTA\t\t\t<\/a>\n\t\t<\/h2>\n\t\t\t\t<div class=\"elementor-post__excerpt\">\n\t\t\t<p>Une nouvelle \u00e9dition pleine de nouveaux apprentissages \u00e0 ajouter \u00e0 nos services<\/p>\n\t\t<\/div>\n\t\t\n\t\t<a class=\"elementor-post__read-more\" href=\"https:\/\/evolya.com\/fr\/non-classifiee\/evolya-au-23eme-atelier-fruits-organise-par-lirta\/\" aria-label=\"En savoir plus sur Evolya au 23\u00e8me atelier fruits organis\u00e9 par l&rsquo;IRTA\" tabindex=\"-1\" >\n\t\t\tLIRE PLUS \u00bb\t\t<\/a>\n\n\t\t\t\t<\/div>\n\t\t\t\t<\/article>\n\t\t\t\t<article class=\"elementor-post elementor-grid-item post-5667 post type-post status-publish format-standard has-post-thumbnail hentry category-non-classifiee\">\n\t\t\t\t<a class=\"elementor-post__thumbnail__link\" href=\"https:\/\/evolya.com\/fr\/non-classifiee\/cest-la-grande-difference-pour-proteger-ou-non-vos-cultures\/\" tabindex=\"-1\" >\n\t\t\t<div class=\"elementor-post__thumbnail\"><img decoding=\"async\" width=\"1600\" height=\"450\" src=\"https:\/\/evolya.com\/wp-content\/uploads\/comparativ-manzanas.jpg\" class=\"attachment-full size-full wp-image-3753\" alt=\"\" srcset=\"https:\/\/evolya.com\/wp-content\/uploads\/comparativ-manzanas.jpg 1600w, https:\/\/evolya.com\/wp-content\/uploads\/comparativ-manzanas-300x84.jpg 300w, https:\/\/evolya.com\/wp-content\/uploads\/comparativ-manzanas-1024x288.jpg 1024w, https:\/\/evolya.com\/wp-content\/uploads\/comparativ-manzanas-768x216.jpg 768w, https:\/\/evolya.com\/wp-content\/uploads\/comparativ-manzanas-1536x432.jpg 1536w\" sizes=\"(max-width: 1600px) 100vw, 1600px\" \/><\/div>\n\t\t<\/a>\n\t\t\t\t<div class=\"elementor-post__text\">\n\t\t\t\t<h2 class=\"elementor-post__title\">\n\t\t\t<a href=\"https:\/\/evolya.com\/fr\/non-classifiee\/cest-la-grande-difference-pour-proteger-ou-non-vos-cultures\/\" >\n\t\t\t\tC&rsquo;est la grande diff\u00e9rence entre prot\u00e9ger ou ne pas prot\u00e9ger vos cultures\t\t\t<\/a>\n\t\t<\/h2>\n\t\t\t\t<div class=\"elementor-post__excerpt\">\n\t\t\t<p>Nous r\u00e9v\u00e9lons les meilleures options pour maintenir une r\u00e9colte de haute qualit\u00e9.<\/p>\n\t\t<\/div>\n\t\t\n\t\t<a class=\"elementor-post__read-more\" href=\"https:\/\/evolya.com\/fr\/non-classifiee\/cest-la-grande-difference-pour-proteger-ou-non-vos-cultures\/\" aria-label=\"En savoir plus sur C&rsquo;est la grande diff\u00e9rence entre prot\u00e9ger ou ne pas prot\u00e9ger vos cultures\" tabindex=\"-1\" >\n\t\t\tLIRE PLUS \u00bb\t\t<\/a>\n\n\t\t\t\t<\/div>\n\t\t\t\t<\/article>\n\t\t\t\t<\/div>\n\t\t\n\t\t\t\t<div class=\"e-load-more-anchor\" data-page=\"1\" data-max-page=\"2\" data-next-page=\"https:\/\/evolya.com\/fr\/wp-json\/wp\/v2\/pages\/5589\/page\/2\/\"><\/div>\n\t\t\t\t<nav class=\"elementor-pagination\" aria-label=\"Pagination\">\n\t\t\t<span class=\"page-numbers prev\">&laquo; Pr\u00e9c\u00e9dent<\/span>\n<span aria-current=\"page\" class=\"page-numbers current\"><span class=\"elementor-screen-only\">Page<\/span>1<\/span>\n<a class=\"page-numbers\" href=\"https:\/\/evolya.com\/fr\/wp-json\/wp\/v2\/pages\/5589\/page\/2\/\"><span class=\"elementor-screen-only\">Page<\/span>2<\/a>\n<a class=\"page-numbers next\" href=\"https:\/\/evolya.com\/fr\/wp-json\/wp\/v2\/pages\/5589\/page\/2\/\">Suivant &raquo;<\/a>\t\t<\/nav>\n\t\t\t\t\t\t<\/div>\n\t\t\t\t<\/div>\n\t\t\t\t\t<\/div>\n\t\t<\/div>\n\t\t\t\t\t<\/div>\n\t\t<\/section>\n\t\t\t\t<section class=\"elementor-section elementor-top-section elementor-element elementor-element-d5e0766 elementor-hidden-tablet elementor-hidden-mobile elementor-section-boxed elementor-section-height-default elementor-section-height-default\" data-id=\"d5e0766\" data-element_type=\"section\" data-settings=\"{&quot;background_background&quot;:&quot;classic&quot;}\">\n\t\t\t\t\t\t<div class=\"elementor-container elementor-column-gap-default\">\n\t\t\t\t\t<div class=\"elementor-column elementor-col-100 elementor-top-column elementor-element elementor-element-76097a5\" data-id=\"76097a5\" data-element_type=\"column\">\n\t\t\t<div class=\"elementor-widget-wrap elementor-element-populated\">\n\t\t\t\t\t\t<div class=\"elementor-element elementor-element-056de34 elementor-mobile-align-justify elementor-align-center e-transform elementor-fixed boto-testing e-transform elementor-widget elementor-widget-button\" data-id=\"056de34\" data-element_type=\"widget\" data-settings=\"{&quot;_transform_rotateZ_effect&quot;:{&quot;unit&quot;:&quot;px&quot;,&quot;size&quot;:270,&quot;sizes&quot;:[]},&quot;_transform_translateX_effect&quot;:{&quot;unit&quot;:&quot;%&quot;,&quot;size&quot;:-35,&quot;sizes&quot;:[]},&quot;_transform_translateX_effect_tablet&quot;:{&quot;unit&quot;:&quot;%&quot;,&quot;size&quot;:&quot;&quot;,&quot;sizes&quot;:[]},&quot;_transform_translateX_effect_mobile&quot;:{&quot;unit&quot;:&quot;%&quot;,&quot;size&quot;:&quot;&quot;,&quot;sizes&quot;:[]},&quot;_position&quot;:&quot;fixed&quot;,&quot;_transform_translateY_effect&quot;:{&quot;unit&quot;:&quot;%&quot;,&quot;size&quot;:55,&quot;sizes&quot;:[]},&quot;_transform_translateY_effect_tablet&quot;:{&quot;unit&quot;:&quot;%&quot;,&quot;size&quot;:&quot;&quot;,&quot;sizes&quot;:[]},&quot;_transform_translateY_effect_mobile&quot;:{&quot;unit&quot;:&quot;%&quot;,&quot;size&quot;:&quot;&quot;,&quot;sizes&quot;:[]},&quot;_transform_rotateZ_effect_tablet&quot;:{&quot;unit&quot;:&quot;deg&quot;,&quot;size&quot;:&quot;&quot;,&quot;sizes&quot;:[]},&quot;_transform_rotateZ_effect_mobile&quot;:{&quot;unit&quot;:&quot;deg&quot;,&quot;size&quot;:&quot;&quot;,&quot;sizes&quot;:[]}}\" data-widget_type=\"button.default\">\n\t\t\t\t<div class=\"elementor-widget-container\">\n\t\t\t\t\t\t\t\t\t<div class=\"elementor-button-wrapper\">\n\t\t\t\t\t<a class=\"elementor-button elementor-button-link elementor-size-sm\" href=\"\/fr\/contacto\/index.php#formulario-contacto\">\n\t\t\t\t\t\t<span class=\"elementor-button-content-wrapper\">\n\t\t\t\t\t\t\t\t\t<span class=\"elementor-button-text\"> Comment pouvons-nous <br \/> vous aider?<\/span>\n\t\t\t\t\t<\/span>\n\t\t\t\t\t<\/a>\n\t\t\t\t<\/div>\n\t\t\t\t\t\t\t\t<\/div>\n\t\t\t\t<\/div>\n\t\t\t\t\t<\/div>\n\t\t<\/div>\n\t\t\t\t\t<\/div>\n\t\t<\/section>\n\t\t\t\t<\/div>\n\t\t","protected":false},"excerpt":{"rendered":"<p>INNOVATION ET COMPROMIS SOLUTIONS ADAPT\u00c9ES \u00c0 VOS N\u00c9CESSIT\u00c9S Comment pouvons-nous vous aider?<\/p>\n","protected":false},"author":1,"featured_media":6530,"parent":0,"menu_order":0,"comment_status":"closed","ping_status":"closed","template":"elementor_header_footer","meta":{"footnotes":""},"class_list":["post-5589","page","type-page","status-publish","has-post-thumbnail","hentry"],"yoast_head":"<!-- This site is optimized with the Yoast SEO plugin v24.3 - https:\/\/yoast.com\/wordpress\/plugins\/seo\/ -->\n<title>Informations - Evolya<\/title>\n<meta name=\"robots\" content=\"index, follow, max-snippet:-1, max-image-preview:large, max-video-preview:-1\" \/>\n<link rel=\"canonical\" href=\"https:\/\/evolya.com\/noticias\/\" \/>\n<meta property=\"og:locale\" content=\"fr_FR\" \/>\n<meta property=\"og:type\" content=\"article\" \/>\n<meta property=\"og:title\" content=\"Informations - Evolya\" \/>\n<meta property=\"og:description\" content=\"INNOVATION ET COMPROMIS SOLUTIONS ADAPT\u00c9ES \u00c0 VOS N\u00c9CESSIT\u00c9S Comment pouvons-nous vous aider?\" \/>\n<meta property=\"og:url\" content=\"https:\/\/evolya.com\/noticias\/\" \/>\n<meta property=\"og:site_name\" content=\"Evolya\" \/>\n<meta property=\"article:modified_time\" content=\"2023-01-24T10:57:49+00:00\" \/>\n<meta property=\"og:image\" content=\"https:\/\/evolya.com\/wp-content\/uploads\/logo-evolya-ok.png\" \/>\n\t<meta property=\"og:image:width\" content=\"350\" \/>\n\t<meta property=\"og:image:height\" content=\"100\" \/>\n\t<meta property=\"og:image:type\" content=\"image\/png\" \/>\n<meta name=\"twitter:card\" content=\"summary_large_image\" \/>\n<script type=\"application\/ld+json\" class=\"yoast-schema-graph\">{\"@context\":\"https:\/\/schema.org\",\"@graph\":[{\"@type\":\"WebPage\",\"@id\":\"https:\/\/evolya.com\/noticias\/\",\"url\":\"https:\/\/evolya.com\/noticias\/\",\"name\":\"Informations - Evolya\",\"isPartOf\":{\"@id\":\"https:\/\/evolya.com\/#website\"},\"primaryImageOfPage\":{\"@id\":\"https:\/\/evolya.com\/noticias\/#primaryimage\"},\"image\":{\"@id\":\"https:\/\/evolya.com\/noticias\/#primaryimage\"},\"thumbnailUrl\":\"https:\/\/evolya.com\/wp-content\/uploads\/mallas-agricolas-evoyla-espana-Banner-1.webp\",\"datePublished\":\"2022-05-09T09:32:07+00:00\",\"dateModified\":\"2023-01-24T10:57:49+00:00\",\"breadcrumb\":{\"@id\":\"https:\/\/evolya.com\/noticias\/#breadcrumb\"},\"inLanguage\":\"fr-FR\",\"potentialAction\":[{\"@type\":\"ReadAction\",\"target\":[\"https:\/\/evolya.com\/noticias\/\"]}]},{\"@type\":\"ImageObject\",\"inLanguage\":\"fr-FR\",\"@id\":\"https:\/\/evolya.com\/noticias\/#primaryimage\",\"url\":\"https:\/\/evolya.com\/wp-content\/uploads\/mallas-agricolas-evoyla-espana-Banner-1.webp\",\"contentUrl\":\"https:\/\/evolya.com\/wp-content\/uploads\/mallas-agricolas-evoyla-espana-Banner-1.webp\",\"width\":1000,\"height\":562,\"caption\":\"Mallas agr\u00edcolas parala protecci\u00f3n de cultivos | Evoyla | espa\u00f1a\"},{\"@type\":\"BreadcrumbList\",\"@id\":\"https:\/\/evolya.com\/noticias\/#breadcrumb\",\"itemListElement\":[{\"@type\":\"ListItem\",\"position\":1,\"name\":\"Portada\",\"item\":\"https:\/\/evolya.com\/error-404\/\"},{\"@type\":\"ListItem\",\"position\":2,\"name\":\"Informations\"}]},{\"@type\":\"WebSite\",\"@id\":\"https:\/\/evolya.com\/#website\",\"url\":\"https:\/\/evolya.com\/\",\"name\":\"Evolya\",\"description\":\"Evoluci\u00f3n y agricultura\",\"publisher\":{\"@id\":\"https:\/\/evolya.com\/#organization\"},\"potentialAction\":[{\"@type\":\"SearchAction\",\"target\":{\"@type\":\"EntryPoint\",\"urlTemplate\":\"https:\/\/evolya.com\/?s={search_term_string}\"},\"query-input\":{\"@type\":\"PropertyValueSpecification\",\"valueRequired\":true,\"valueName\":\"search_term_string\"}}],\"inLanguage\":\"fr-FR\"},{\"@type\":\"Organization\",\"@id\":\"https:\/\/evolya.com\/#organization\",\"name\":\"Evolya\",\"url\":\"https:\/\/evolya.com\/\",\"logo\":{\"@type\":\"ImageObject\",\"inLanguage\":\"fr-FR\",\"@id\":\"https:\/\/evolya.com\/#\/schema\/logo\/image\/\",\"url\":\"https:\/\/evolya.com\/wp-content\/uploads\/logo-header.jpg\",\"contentUrl\":\"https:\/\/evolya.com\/wp-content\/uploads\/logo-header.jpg\",\"width\":186,\"height\":58,\"caption\":\"Evolya\"},\"image\":{\"@id\":\"https:\/\/evolya.com\/#\/schema\/logo\/image\/\"}}]}<\/script>\n<!-- \/ Yoast SEO plugin. -->","yoast_head_json":{"title":"Informations - Evolya","robots":{"index":"index","follow":"follow","max-snippet":"max-snippet:-1","max-image-preview":"max-image-preview:large","max-video-preview":"max-video-preview:-1"},"canonical":"https:\/\/evolya.com\/noticias\/","og_locale":"fr_FR","og_type":"article","og_title":"Informations - Evolya","og_description":"INNOVATION ET COMPROMIS SOLUTIONS ADAPT\u00c9ES \u00c0 VOS N\u00c9CESSIT\u00c9S Comment pouvons-nous vous aider?","og_url":"https:\/\/evolya.com\/noticias\/","og_site_name":"Evolya","article_modified_time":"2023-01-24T10:57:49+00:00","og_image":[{"width":350,"height":100,"url":"https:\/\/evolya.com\/wp-content\/uploads\/logo-evolya-ok.png","type":"image\/png"}],"twitter_card":"summary_large_image","schema":{"@context":"https:\/\/schema.org","@graph":[{"@type":"WebPage","@id":"https:\/\/evolya.com\/noticias\/","url":"https:\/\/evolya.com\/noticias\/","name":"Informations - Evolya","isPartOf":{"@id":"https:\/\/evolya.com\/#website"},"primaryImageOfPage":{"@id":"https:\/\/evolya.com\/noticias\/#primaryimage"},"image":{"@id":"https:\/\/evolya.com\/noticias\/#primaryimage"},"thumbnailUrl":"https:\/\/evolya.com\/wp-content\/uploads\/mallas-agricolas-evoyla-espana-Banner-1.webp","datePublished":"2022-05-09T09:32:07+00:00","dateModified":"2023-01-24T10:57:49+00:00","breadcrumb":{"@id":"https:\/\/evolya.com\/noticias\/#breadcrumb"},"inLanguage":"fr-FR","potentialAction":[{"@type":"ReadAction","target":["https:\/\/evolya.com\/noticias\/"]}]},{"@type":"ImageObject","inLanguage":"fr-FR","@id":"https:\/\/evolya.com\/noticias\/#primaryimage","url":"https:\/\/evolya.com\/wp-content\/uploads\/mallas-agricolas-evoyla-espana-Banner-1.webp","contentUrl":"https:\/\/evolya.com\/wp-content\/uploads\/mallas-agricolas-evoyla-espana-Banner-1.webp","width":1000,"height":562,"caption":"Mallas agr\u00edcolas parala protecci\u00f3n de cultivos | Evoyla | espa\u00f1a"},{"@type":"BreadcrumbList","@id":"https:\/\/evolya.com\/noticias\/#breadcrumb","itemListElement":[{"@type":"ListItem","position":1,"name":"Portada","item":"https:\/\/evolya.com\/error-404\/"},{"@type":"ListItem","position":2,"name":"Informations"}]},{"@type":"WebSite","@id":"https:\/\/evolya.com\/#website","url":"https:\/\/evolya.com\/","name":"Evolya","description":"Evoluci\u00f3n y agricultura","publisher":{"@id":"https:\/\/evolya.com\/#organization"},"potentialAction":[{"@type":"SearchAction","target":{"@type":"EntryPoint","urlTemplate":"https:\/\/evolya.com\/?s={search_term_string}"},"query-input":{"@type":"PropertyValueSpecification","valueRequired":true,"valueName":"search_term_string"}}],"inLanguage":"fr-FR"},{"@type":"Organization","@id":"https:\/\/evolya.com\/#organization","name":"Evolya","url":"https:\/\/evolya.com\/","logo":{"@type":"ImageObject","inLanguage":"fr-FR","@id":"https:\/\/evolya.com\/#\/schema\/logo\/image\/","url":"https:\/\/evolya.com\/wp-content\/uploads\/logo-header.jpg","contentUrl":"https:\/\/evolya.com\/wp-content\/uploads\/logo-header.jpg","width":186,"height":58,"caption":"Evolya"},"image":{"@id":"https:\/\/evolya.com\/#\/schema\/logo\/image\/"}}]}},"_links":{"self":[{"href":"https:\/\/evolya.com\/fr\/wp-json\/wp\/v2\/pages\/5589","targetHints":{"allow":["GET"]}}],"collection":[{"href":"https:\/\/evolya.com\/fr\/wp-json\/wp\/v2\/pages"}],"about":[{"href":"https:\/\/evolya.com\/fr\/wp-json\/wp\/v2\/types\/page"}],"author":[{"embeddable":true,"href":"https:\/\/evolya.com\/fr\/wp-json\/wp\/v2\/users\/1"}],"replies":[{"embeddable":true,"href":"https:\/\/evolya.com\/fr\/wp-json\/wp\/v2\/comments?post=5589"}],"version-history":[{"count":0,"href":"https:\/\/evolya.com\/fr\/wp-json\/wp\/v2\/pages\/5589\/revisions"}],"wp:featuredmedia":[{"embeddable":true,"href":"https:\/\/evolya.com\/fr\/wp-json\/wp\/v2\/media\/6530"}],"wp:attachment":[{"href":"https:\/\/evolya.com\/fr\/wp-json\/wp\/v2\/media?parent=5589"}],"curies":[{"name":"wp","href":"https:\/\/api.w.org\/{rel}","templated":true}]}}