{"id":5559,"date":"2022-05-09T07:40:11","date_gmt":"2022-05-09T07:40:11","guid":{"rendered":"http:\/\/dmn139.ipmarketing.grn.es\/politica-de-privacitat\/"},"modified":"2022-05-09T07:40:13","modified_gmt":"2022-05-09T07:40:13","slug":"politica-de-privacitat","status":"publish","type":"page","link":"https:\/\/evolya.com\/ca\/politica-de-privacitat\/","title":{"rendered":"Pol\u00edtica de privacitat"},"content":{"rendered":"\t\t<div data-elementor-type=\"wp-page\" data-elementor-id=\"5559\" class=\"elementor elementor-5559\" data-elementor-post-type=\"page\">\n\t\t\t\t\t\t<section class=\"elementor-section elementor-top-section elementor-element elementor-element-2d6fb222 elementor-section-boxed elementor-section-height-default elementor-section-height-default elementor-invisible\" data-id=\"2d6fb222\" data-element_type=\"section\" data-settings=\"{&quot;background_background&quot;:&quot;classic&quot;,&quot;animation&quot;:&quot;fadeIn&quot;}\">\n\t\t\t\t\t\t\t<div class=\"elementor-background-overlay\"><\/div>\n\t\t\t\t\t\t\t<div class=\"elementor-container elementor-column-gap-default\">\n\t\t\t\t\t<div class=\"elementor-column elementor-col-100 elementor-top-column elementor-element elementor-element-189aa448\" data-id=\"189aa448\" data-element_type=\"column\">\n\t\t\t<div class=\"elementor-widget-wrap elementor-element-populated\">\n\t\t\t\t\t\t<div class=\"elementor-element elementor-element-679f0ef1 elementor-invisible elementor-widget elementor-widget-heading\" data-id=\"679f0ef1\" data-element_type=\"widget\" data-settings=\"{&quot;_animation&quot;:&quot;fadeInUp&quot;}\" data-widget_type=\"heading.default\">\n\t\t\t\t<div class=\"elementor-widget-container\">\n\t\t\t\t\t<h1 class=\"elementor-heading-title elementor-size-default\">POL\u00cdTICA DE PRIVACITAT<\/h1>\t\t\t\t<\/div>\n\t\t\t\t<\/div>\n\t\t\t\t<div class=\"elementor-element elementor-element-3c7fc19 elementor-invisible elementor-widget elementor-widget-text-editor\" data-id=\"3c7fc19\" data-element_type=\"widget\" data-settings=\"{&quot;_animation&quot;:&quot;fadeInUp&quot;}\" data-widget_type=\"text-editor.default\">\n\t\t\t\t<div class=\"elementor-widget-container\">\n\t\t\t\t\t\t\t\t\t<p>INFORMACI\u00d3 B\u00c0SICA SOBRE PROTECCI\u00d3 DE DADES<\/p>\t\t\t\t\t\t\t\t<\/div>\n\t\t\t\t<\/div>\n\t\t\t\t\t<\/div>\n\t\t<\/div>\n\t\t\t\t\t<\/div>\n\t\t<\/section>\n\t\t\t\t<section class=\"elementor-section elementor-top-section elementor-element elementor-element-e738d67 elementor-section-boxed elementor-section-height-default elementor-section-height-default\" data-id=\"e738d67\" data-element_type=\"section\">\n\t\t\t\t\t\t<div class=\"elementor-container elementor-column-gap-default\">\n\t\t\t\t\t<div class=\"elementor-column elementor-col-100 elementor-top-column elementor-element elementor-element-2d2f017\" data-id=\"2d2f017\" data-element_type=\"column\">\n\t\t\t<div class=\"elementor-widget-wrap elementor-element-populated\">\n\t\t\t\t\t\t<div class=\"elementor-element elementor-element-b6dffae elementor-widget elementor-widget-text-editor\" data-id=\"b6dffae\" data-element_type=\"widget\" data-widget_type=\"text-editor.default\">\n\t\t\t\t<div class=\"elementor-widget-container\">\n\t\t\t\t\t\t\t\t\t<p><strong>Responsable:<\/strong> EVOLYA, SL<br \/><strong>Finalitat:<\/strong> Informar-vos sobre els productes \/ serveis publicats a la nostra web<br \/><strong>Legitimaci\u00f3:<\/strong> per consentiment de l&#8217;interessat<br \/><strong>Termini de conservaci\u00f3:<\/strong> el legalment establert<br \/><strong>Destinataris:<\/strong> No se cediran dades a tercers, excepte obligaci\u00f3 legal<br \/><strong>Drets:<\/strong> Teniu dret a accedir, rectificar i suprimir les dades, aix\u00ed com altres drets, com s&#8217;explica la informaci\u00f3 addicional<br \/><strong>Ubicaci\u00f3:<\/strong> Podeu consultar l&#8217;informaci\u00f3 addicional i detallada sobre Protecci\u00f3 de Dades a l&#8217;apartat <strong>AV\u00cdS LEGAL<\/strong>, situat en aquesta mateixa web<br \/><br \/><\/p>\t\t\t\t\t\t\t\t<\/div>\n\t\t\t\t<\/div>\n\t\t\t\t<div class=\"elementor-element elementor-element-54362a9 elementor-widget elementor-widget-text-editor\" data-id=\"54362a9\" data-element_type=\"widget\" data-widget_type=\"text-editor.default\">\n\t\t\t\t<div class=\"elementor-widget-container\">\n\t\t\t\t\t\t\t\t\t<p><strong>Responsable:<\/strong><\/p><p><strong>Titular:<\/strong> EVOLYA, SL<br \/><strong>C.I.F:<\/strong> B25464793<br \/><strong>Domicili social:<\/strong> Camino Trullets, s\/n de Alguaire (Lleida), CP 25125<br \/><strong>E-mail:<\/strong> <a style=\"color: inherit;\" href=\"mailto:evolya@evolya.com\">evolya@evolya.com<\/a><br \/><strong>Tel\u00e9fono:<\/strong> <a style=\"color: inherit;\" href=\"http:\/\/973751800\">973751800<\/a><\/p>\t\t\t\t\t\t\t\t<\/div>\n\t\t\t\t<\/div>\n\t\t\t\t<div class=\"elementor-element elementor-element-71e3c39 elementor-widget elementor-widget-text-editor\" data-id=\"71e3c39\" data-element_type=\"widget\" data-widget_type=\"text-editor.default\">\n\t\t\t\t<div class=\"elementor-widget-container\">\n\t\t\t\t\t\t\t\t\t<p><strong>EVOLYA, SL<\/strong> \u00e9s el responsable del tractament de les dades personals i els informa que aquestes dades seran tractades de conformitat amb el que disposa el Reglament (UE) 2016\/679 de 27 d&#8217;abril de 2016 (GDPR), per la qual cosa l&#8217;us facilita la seg\u00fcent informaci\u00f3 del tractament:<\/p>\t\t\t\t\t\t\t\t<\/div>\n\t\t\t\t<\/div>\n\t\t\t\t<div class=\"elementor-element elementor-element-b6de76a elementor-widget elementor-widget-text-editor\" data-id=\"b6de76a\" data-element_type=\"widget\" data-widget_type=\"text-editor.default\">\n\t\t\t\t<div class=\"elementor-widget-container\">\n\t\t\t\t\t\t\t\t\t<p><strong>Finalitat del tractament:<\/strong><\/p><p>&#8211; La prestaci\u00f3 dels nostres serveis relacionats amb el comer\u00e7 de maquin\u00e0ria, equips i subministrament agr\u00edcoles.<\/p><p>&#8211; Donar resposta a les sol\u00b7licituds d&#8217;informaci\u00f3 que ens feu arribar a trav\u00e9s dels formularis de contacte<\/p><p>Les dades personals que l&#8217;Usuari facilita en la nostra web mitjan\u00e7ant els formularis i funcionalitats habilitades en aquesta, seran tractades amb car\u00e0cter general per tal de facilitar l&#8217;informaci\u00f3 sol\u00b7licitada pels Usuaris, atendre les seves consultes o sol\u00b7licituds, aix\u00ed com amb qualsevol altra finalitat a la qual es refereixin els formularis i funcionalitats ofertes a cada moment a trav\u00e9s de la web.<\/p>\t\t\t\t\t\t\t\t<\/div>\n\t\t\t\t<\/div>\n\t\t\t\t<div class=\"elementor-element elementor-element-7070b8e elementor-widget elementor-widget-text-editor\" data-id=\"7070b8e\" data-element_type=\"widget\" data-widget_type=\"text-editor.default\">\n\t\t\t\t<div class=\"elementor-widget-container\">\n\t\t\t\t\t\t\t\t\t<p><strong>Legitimaci\u00f3:<\/strong><\/p><p>EVOLYA, SL, tractar\u00e0 les dades personals facilitades pel mateix interessat per donar resposta a la sol\u00b7licitud d&#8217;informaci\u00f3, o per a la prestaci\u00f3 del servei sol\u00b7licitat, mitjan\u00e7ant el consentiment de l&#8217;interessat. L&#8217;usuari t\u00e9 dret a retirar el consentiment deixat en qualsevol moment.<\/p><p>La base legal dels tractaments \u00e9s el consentiment atorgat pels Usuaris deixats mitjan\u00e7ant l&#8217;acceptaci\u00f3 de la present Pol\u00edtica de Privadesa i les caselles corresponents.<\/p>\t\t\t\t\t\t\t\t<\/div>\n\t\t\t\t<\/div>\n\t\t\t\t<div class=\"elementor-element elementor-element-701c949 elementor-widget elementor-widget-text-editor\" data-id=\"701c949\" data-element_type=\"widget\" data-widget_type=\"text-editor.default\">\n\t\t\t\t<div class=\"elementor-widget-container\">\n\t\t\t\t\t\t\t\t\t<p><strong>Criteris de conservaci\u00f3 de les dades:<\/strong><\/p><p>Es conservaran mentre hi hagi un inter\u00e8s mutu per mantenir la fi del tractament i quan ja no sigui necessari per a tal fi, es suprimiran amb mesures de seguretat adequades per garantir la pseudonimitzaci\u00f3 de les dades o la destrucci\u00f3 total dels mateixos.<\/p>\t\t\t\t\t\t\t\t<\/div>\n\t\t\t\t<\/div>\n\t\t\t\t<div class=\"elementor-element elementor-element-38272d9 elementor-widget elementor-widget-text-editor\" data-id=\"38272d9\" data-element_type=\"widget\" data-widget_type=\"text-editor.default\">\n\t\t\t\t<div class=\"elementor-widget-container\">\n\t\t\t\t\t\t\t\t\t<p><strong>Destinataris:<\/strong><\/p><p>EVOLYA, SL no cedir\u00e0 dades personals a tercers, excepte quan hi hagi una obligaci\u00f3 legal sobre aix\u00f2. En aquests casos, ens assegurem que els destinataris respecten la confidencialitat i compten amb les mesures adequades per protegir les dades personals.<\/p><p>Els prove\u00efdors de serveis externs amb qu\u00e8 EVOLYA, SL treballa, poden tenir acc\u00e9s a dades per proporcionar els serveis corresponents, per\u00f2, no usen aquesta informaci\u00f3 per a fins propis o per tercers.<\/p>\t\t\t\t\t\t\t\t<\/div>\n\t\t\t\t<\/div>\n\t\t\t\t<div class=\"elementor-element elementor-element-b58b506 elementor-widget elementor-widget-text-editor\" data-id=\"b58b506\" data-element_type=\"widget\" data-widget_type=\"text-editor.default\">\n\t\t\t\t<div class=\"elementor-widget-container\">\n\t\t\t\t\t\t\t\t\t<p><strong>Drets que assisteixen a l&#8217;interessat:<\/strong><\/p><p>&#8211; Dret a <u>retirar el consentimient<\/u>o en qualsevol moment.<\/p><p>&#8211; Dret de <u>acc\u00e9s<\/u>, <u>rectificaci\u00f3<\/u>, <u>portabilitat<\/u> i <u>supressi\u00f3<\/u> de les seves dades la <u>limitaci\u00f3<\/u> i <u>oposici\u00f3<\/u> al seu tractament.<\/p><p>&#8211; Dret a presentar una reclamaci\u00f3 davant de l&#8217;Autoritat de control (www.agpd.es) si considereu que el tractament no s&#8217;ajusta a la normativa vigent.<\/p>\t\t\t\t\t\t\t\t<\/div>\n\t\t\t\t<\/div>\n\t\t\t\t<div class=\"elementor-element elementor-element-a79e338 elementor-widget elementor-widget-text-editor\" data-id=\"a79e338\" data-element_type=\"widget\" data-widget_type=\"text-editor.default\">\n\t\t\t\t<div class=\"elementor-widget-container\">\n\t\t\t\t\t\t\t\t\t<p>Dades de contacte del Responsable del Tractament, per exercir els seus drets:<\/p><p><strong>Titular:<\/strong> EVOLYA, SL<br \/><strong>C.I.F:<\/strong> B25464793<br \/><strong>Domicili social:<\/strong> Camino Trullets, s\/n de Alguaire (Lleida), CP 25125<br \/><strong>E-mail:<\/strong> <a style=\"color: inherit;\" href=\"mailto:evolya@evolya.com\">evolya@evolya.com<\/a><br \/><strong>Tel\u00e9fon:<\/strong> <a style=\"color: inherit;\" href=\"http:\/\/973751800\">973751800<\/a><\/p>\t\t\t\t\t\t\t\t<\/div>\n\t\t\t\t<\/div>\n\t\t\t\t\t<\/div>\n\t\t<\/div>\n\t\t\t\t\t<\/div>\n\t\t<\/section>\n\t\t\t\t<\/div>\n\t\t","protected":false},"excerpt":{"rendered":"<p>POL\u00cdTICA DE PRIVACITAT INFORMACI\u00d3 B\u00c0SICA SOBRE PROTECCI\u00d3 DE DADES Responsable: EVOLYA, SLFinalitat: Informar-vos sobre els productes \/ serveis publicats a la nostra webLegitimaci\u00f3: per consentiment de l&#8217;interessatTermini de conservaci\u00f3: el legalment establertDestinataris: No se cediran dades a tercers, excepte obligaci\u00f3 legalDrets: Teniu dret a accedir, rectificar i suprimir les dades, aix\u00ed com altres drets, com [&hellip;]<\/p>\n","protected":false},"author":1,"featured_media":0,"parent":0,"menu_order":0,"comment_status":"closed","ping_status":"closed","template":"elementor_header_footer","meta":{"footnotes":""},"class_list":["post-5559","page","type-page","status-publish","hentry"],"yoast_head":"<!-- This site is optimized with the Yoast SEO plugin v24.3 - https:\/\/yoast.com\/wordpress\/plugins\/seo\/ -->\n<title>Pol\u00edtica de privacitat - Evolya<\/title>\n<meta name=\"robots\" content=\"index, follow, max-snippet:-1, max-image-preview:large, max-video-preview:-1\" \/>\n<link rel=\"canonical\" href=\"https:\/\/evolya.com\/politica-de-privacidad\/\" \/>\n<meta property=\"og:locale\" content=\"ca_ES\" \/>\n<meta property=\"og:type\" content=\"article\" \/>\n<meta property=\"og:title\" content=\"Pol\u00edtica de privacitat - Evolya\" \/>\n<meta property=\"og:description\" content=\"POL\u00cdTICA DE PRIVACITAT INFORMACI\u00d3 B\u00c0SICA SOBRE PROTECCI\u00d3 DE DADES Responsable: EVOLYA, SLFinalitat: Informar-vos sobre els productes \/ serveis publicats a la nostra webLegitimaci\u00f3: per consentiment de l&#8217;interessatTermini de conservaci\u00f3: el legalment establertDestinataris: No se cediran dades a tercers, excepte obligaci\u00f3 legalDrets: Teniu dret a accedir, rectificar i suprimir les dades, aix\u00ed com altres drets, com [&hellip;]\" \/>\n<meta property=\"og:url\" content=\"https:\/\/evolya.com\/politica-de-privacidad\/\" \/>\n<meta property=\"og:site_name\" content=\"Evolya\" \/>\n<meta property=\"article:modified_time\" content=\"2022-05-09T07:40:13+00:00\" \/>\n<meta name=\"twitter:card\" content=\"summary_large_image\" \/>\n<meta name=\"twitter:label1\" content=\"Temps estimat de lectura\" \/>\n\t<meta name=\"twitter:data1\" content=\"3 minuts\" \/>\n<script type=\"application\/ld+json\" class=\"yoast-schema-graph\">{\"@context\":\"https:\/\/schema.org\",\"@graph\":[{\"@type\":\"WebPage\",\"@id\":\"https:\/\/evolya.com\/politica-de-privacidad\/\",\"url\":\"https:\/\/evolya.com\/politica-de-privacidad\/\",\"name\":\"Pol\u00edtica de privacitat - Evolya\",\"isPartOf\":{\"@id\":\"https:\/\/evolya.com\/#website\"},\"datePublished\":\"2022-05-09T07:40:11+00:00\",\"dateModified\":\"2022-05-09T07:40:13+00:00\",\"breadcrumb\":{\"@id\":\"https:\/\/evolya.com\/politica-de-privacidad\/#breadcrumb\"},\"inLanguage\":\"ca\",\"potentialAction\":[{\"@type\":\"ReadAction\",\"target\":[\"https:\/\/evolya.com\/politica-de-privacidad\/\"]}]},{\"@type\":\"BreadcrumbList\",\"@id\":\"https:\/\/evolya.com\/politica-de-privacidad\/#breadcrumb\",\"itemListElement\":[{\"@type\":\"ListItem\",\"position\":1,\"name\":\"Portada\",\"item\":\"https:\/\/evolya.com\/error-404\/\"},{\"@type\":\"ListItem\",\"position\":2,\"name\":\"Pol\u00edtica de privacitat\"}]},{\"@type\":\"WebSite\",\"@id\":\"https:\/\/evolya.com\/#website\",\"url\":\"https:\/\/evolya.com\/\",\"name\":\"Evolya\",\"description\":\"Evoluci\u00f3n y agricultura\",\"publisher\":{\"@id\":\"https:\/\/evolya.com\/#organization\"},\"potentialAction\":[{\"@type\":\"SearchAction\",\"target\":{\"@type\":\"EntryPoint\",\"urlTemplate\":\"https:\/\/evolya.com\/?s={search_term_string}\"},\"query-input\":{\"@type\":\"PropertyValueSpecification\",\"valueRequired\":true,\"valueName\":\"search_term_string\"}}],\"inLanguage\":\"ca\"},{\"@type\":\"Organization\",\"@id\":\"https:\/\/evolya.com\/#organization\",\"name\":\"Evolya\",\"url\":\"https:\/\/evolya.com\/\",\"logo\":{\"@type\":\"ImageObject\",\"inLanguage\":\"ca\",\"@id\":\"https:\/\/evolya.com\/#\/schema\/logo\/image\/\",\"url\":\"https:\/\/evolya.com\/wp-content\/uploads\/logo-header.jpg\",\"contentUrl\":\"https:\/\/evolya.com\/wp-content\/uploads\/logo-header.jpg\",\"width\":186,\"height\":58,\"caption\":\"Evolya\"},\"image\":{\"@id\":\"https:\/\/evolya.com\/#\/schema\/logo\/image\/\"}}]}<\/script>\n<!-- \/ Yoast SEO plugin. -->","yoast_head_json":{"title":"Pol\u00edtica de privacitat - Evolya","robots":{"index":"index","follow":"follow","max-snippet":"max-snippet:-1","max-image-preview":"max-image-preview:large","max-video-preview":"max-video-preview:-1"},"canonical":"https:\/\/evolya.com\/politica-de-privacidad\/","og_locale":"ca_ES","og_type":"article","og_title":"Pol\u00edtica de privacitat - Evolya","og_description":"POL\u00cdTICA DE PRIVACITAT INFORMACI\u00d3 B\u00c0SICA SOBRE PROTECCI\u00d3 DE DADES Responsable: EVOLYA, SLFinalitat: Informar-vos sobre els productes \/ serveis publicats a la nostra webLegitimaci\u00f3: per consentiment de l&#8217;interessatTermini de conservaci\u00f3: el legalment establertDestinataris: No se cediran dades a tercers, excepte obligaci\u00f3 legalDrets: Teniu dret a accedir, rectificar i suprimir les dades, aix\u00ed com altres drets, com [&hellip;]","og_url":"https:\/\/evolya.com\/politica-de-privacidad\/","og_site_name":"Evolya","article_modified_time":"2022-05-09T07:40:13+00:00","twitter_card":"summary_large_image","twitter_misc":{"Temps estimat de lectura":"3 minuts"},"schema":{"@context":"https:\/\/schema.org","@graph":[{"@type":"WebPage","@id":"https:\/\/evolya.com\/politica-de-privacidad\/","url":"https:\/\/evolya.com\/politica-de-privacidad\/","name":"Pol\u00edtica de privacitat - Evolya","isPartOf":{"@id":"https:\/\/evolya.com\/#website"},"datePublished":"2022-05-09T07:40:11+00:00","dateModified":"2022-05-09T07:40:13+00:00","breadcrumb":{"@id":"https:\/\/evolya.com\/politica-de-privacidad\/#breadcrumb"},"inLanguage":"ca","potentialAction":[{"@type":"ReadAction","target":["https:\/\/evolya.com\/politica-de-privacidad\/"]}]},{"@type":"BreadcrumbList","@id":"https:\/\/evolya.com\/politica-de-privacidad\/#breadcrumb","itemListElement":[{"@type":"ListItem","position":1,"name":"Portada","item":"https:\/\/evolya.com\/error-404\/"},{"@type":"ListItem","position":2,"name":"Pol\u00edtica de privacitat"}]},{"@type":"WebSite","@id":"https:\/\/evolya.com\/#website","url":"https:\/\/evolya.com\/","name":"Evolya","description":"Evoluci\u00f3n y agricultura","publisher":{"@id":"https:\/\/evolya.com\/#organization"},"potentialAction":[{"@type":"SearchAction","target":{"@type":"EntryPoint","urlTemplate":"https:\/\/evolya.com\/?s={search_term_string}"},"query-input":{"@type":"PropertyValueSpecification","valueRequired":true,"valueName":"search_term_string"}}],"inLanguage":"ca"},{"@type":"Organization","@id":"https:\/\/evolya.com\/#organization","name":"Evolya","url":"https:\/\/evolya.com\/","logo":{"@type":"ImageObject","inLanguage":"ca","@id":"https:\/\/evolya.com\/#\/schema\/logo\/image\/","url":"https:\/\/evolya.com\/wp-content\/uploads\/logo-header.jpg","contentUrl":"https:\/\/evolya.com\/wp-content\/uploads\/logo-header.jpg","width":186,"height":58,"caption":"Evolya"},"image":{"@id":"https:\/\/evolya.com\/#\/schema\/logo\/image\/"}}]}},"_links":{"self":[{"href":"https:\/\/evolya.com\/ca\/wp-json\/wp\/v2\/pages\/5559","targetHints":{"allow":["GET"]}}],"collection":[{"href":"https:\/\/evolya.com\/ca\/wp-json\/wp\/v2\/pages"}],"about":[{"href":"https:\/\/evolya.com\/ca\/wp-json\/wp\/v2\/types\/page"}],"author":[{"embeddable":true,"href":"https:\/\/evolya.com\/ca\/wp-json\/wp\/v2\/users\/1"}],"replies":[{"embeddable":true,"href":"https:\/\/evolya.com\/ca\/wp-json\/wp\/v2\/comments?post=5559"}],"version-history":[{"count":0,"href":"https:\/\/evolya.com\/ca\/wp-json\/wp\/v2\/pages\/5559\/revisions"}],"wp:attachment":[{"href":"https:\/\/evolya.com\/ca\/wp-json\/wp\/v2\/media?parent=5559"}],"curies":[{"name":"wp","href":"https:\/\/api.w.org\/{rel}","templated":true}]}}