{"id":5557,"date":"2022-05-09T07:20:03","date_gmt":"2022-05-09T07:20:03","guid":{"rendered":"http:\/\/dmn139.ipmarketing.grn.es\/politica-de-cookies\/"},"modified":"2023-11-30T13:01:15","modified_gmt":"2023-11-30T13:01:15","slug":"politica-de-cookies","status":"publish","type":"page","link":"https:\/\/evolya.com\/ca\/politica-de-cookies\/","title":{"rendered":"Pol\u00edtica de cookies"},"content":{"rendered":"\t\t<div data-elementor-type=\"wp-page\" data-elementor-id=\"5557\" class=\"elementor elementor-5557\" data-elementor-post-type=\"page\">\n\t\t\t\t\t\t<section class=\"elementor-section elementor-top-section elementor-element elementor-element-51026365 elementor-section-boxed elementor-section-height-default elementor-section-height-default elementor-invisible\" data-id=\"51026365\" data-element_type=\"section\" data-settings=\"{&quot;background_background&quot;:&quot;classic&quot;,&quot;animation&quot;:&quot;fadeIn&quot;}\">\n\t\t\t\t\t\t\t<div class=\"elementor-background-overlay\"><\/div>\n\t\t\t\t\t\t\t<div class=\"elementor-container elementor-column-gap-default\">\n\t\t\t\t\t<div class=\"elementor-column elementor-col-100 elementor-top-column elementor-element elementor-element-2ee07f79\" data-id=\"2ee07f79\" data-element_type=\"column\">\n\t\t\t<div class=\"elementor-widget-wrap elementor-element-populated\">\n\t\t\t\t\t\t<div class=\"elementor-element elementor-element-2e4406c2 elementor-invisible elementor-widget elementor-widget-heading\" data-id=\"2e4406c2\" data-element_type=\"widget\" data-settings=\"{&quot;_animation&quot;:&quot;fadeInUp&quot;}\" data-widget_type=\"heading.default\">\n\t\t\t\t<div class=\"elementor-widget-container\">\n\t\t\t\t\t<h1 class=\"elementor-heading-title elementor-size-default\">POL\u00cdTICA DE COOKIES<\/h1>\t\t\t\t<\/div>\n\t\t\t\t<\/div>\n\t\t\t\t<div class=\"elementor-element elementor-element-59e17521 elementor-invisible elementor-widget elementor-widget-text-editor\" data-id=\"59e17521\" data-element_type=\"widget\" data-settings=\"{&quot;_animation&quot;:&quot;fadeInUp&quot;}\" data-widget_type=\"text-editor.default\">\n\t\t\t\t<div class=\"elementor-widget-container\">\n\t\t\t\t\t\t\t\t\t<p>INFORMACI\u00d3 B\u00c0SICA SOBRE PROTECCI\u00d3 DE DADES<\/p>\n\t\t\t\t\t\t\t\t<\/div>\n\t\t\t\t<\/div>\n\t\t\t\t\t<\/div>\n\t\t<\/div>\n\t\t\t\t\t<\/div>\n\t\t<\/section>\n\t\t\t\t<section class=\"elementor-section elementor-top-section elementor-element elementor-element-8e73ad0 elementor-section-boxed elementor-section-height-default elementor-section-height-default\" data-id=\"8e73ad0\" data-element_type=\"section\">\n\t\t\t\t\t\t<div class=\"elementor-container elementor-column-gap-default\">\n\t\t\t\t\t<div class=\"elementor-column elementor-col-100 elementor-top-column elementor-element elementor-element-628804a0\" data-id=\"628804a0\" data-element_type=\"column\">\n\t\t\t<div class=\"elementor-widget-wrap elementor-element-populated\">\n\t\t\t\t\t\t<div class=\"elementor-element elementor-element-5bcf2bff elementor-widget elementor-widget-text-editor\" data-id=\"5bcf2bff\" data-element_type=\"widget\" data-widget_type=\"text-editor.default\">\n\t\t\t\t<div class=\"elementor-widget-container\">\n\t\t\t\t\t\t\t\t\t<p>EVOLYA, SL, a trav\u00e9s del present document, recull la seva Pol\u00edtica de recollida i tractament de cookies, en compliment del que disposa l&#8217;article 22.2 de la Llei 34\/2002, d&#8217;11 de juliol, de Serveis de la Societat de la Informaci\u00f3 i de Comer\u00e7 Electr\u00f2nic (LSSICE).<\/p>\n\t\t\t\t\t\t\t\t<\/div>\n\t\t\t\t<\/div>\n\t\t\t\t<div class=\"elementor-element elementor-element-22b1c5d4 elementor-widget elementor-widget-text-editor\" data-id=\"22b1c5d4\" data-element_type=\"widget\" data-widget_type=\"text-editor.default\">\n\t\t\t\t<div class=\"elementor-widget-container\">\n\t\t\t\t\t\t\t\t\t<p>Les cookies s&#8217;emmagatzemen a l&#8217;equip terminal de l&#8217;usuari (ordinador o dispositiu m\u00f2bil) i recopilen informaci\u00f3 en visitar la p\u00e0gina web <a style=\"color: inherit;\" href=\"https:\/\/www.evolya.com\/\">https:\/\/www.evolya.com<\/a>, amb la finalitat de millorar la seva usabilitat, con\u00e8ixer els h\u00e0bits o necessitats de navegaci\u00f3 dels usuaris per poder adaptar-s&#8217;hi, aix\u00ed com obtenir informaci\u00f3 amb finalitats estad\u00edstiques. En el cas d&#8217;aquells usuaris que ja siguin clients de l&#8217;entitat, la informaci\u00f3 recollida amb les cookies servir\u00e0 tamb\u00e9 per a la seva identificaci\u00f3 en accedir a les diferents eines que l&#8217;entitat posa a la vostra disposici\u00f3 per a la gesti\u00f3 dels serveis.<\/p>\n\t\t\t\t\t\t\t\t<\/div>\n\t\t\t\t<\/div>\n\t\t\t\t<div class=\"elementor-element elementor-element-5849778 elementor-widget elementor-widget-text-editor\" data-id=\"5849778\" data-element_type=\"widget\" data-widget_type=\"text-editor.default\">\n\t\t\t\t<div class=\"elementor-widget-container\">\n\t\t\t\t\t\t\t\t\t<p>Aquesta Pol\u00edtica de Cookies ser\u00e0 aplicable a aquells usuaris que volunt\u00e0riament visiten les p\u00e0gines web de l&#8217;entitat, emplenen formularis de recollida de dades, accedeixen a les eines que l&#8217;entitat posa a disposici\u00f3 dels seus clients per gestionar els seus serveis, o utilitzen qualsevol altre servei present al lloc web que impliqui la comunicaci\u00f3 de dades a l&#8217;entitat, o l&#8217;acc\u00e9s a dades per l&#8217;entitat, per la prestaci\u00f3 dels seus serveis. Adaptar-s&#8217;hi, aix\u00ed com obtenir informaci\u00f3 amb finalitats estad\u00edstiques. En el cas d&#8217;aquells usuaris que ja siguin clients de l&#8217;entitat, l&#8217;informaci\u00f3 recollida amb les galetes servir\u00e0 tamb\u00e9 per la seva identificaci\u00f3 en accedir a les diferents eines que l&#8217;entitat posa a la vostra disposici\u00f3 per a la gesti\u00f3 dels serveis.<\/p>\n\t\t\t\t\t\t\t\t<\/div>\n\t\t\t\t<\/div>\n\t\t\t\t<div class=\"elementor-element elementor-element-903448d elementor-widget elementor-widget-text-editor\" data-id=\"903448d\" data-element_type=\"widget\" data-widget_type=\"text-editor.default\">\n\t\t\t\t<div class=\"elementor-widget-container\">\n\t\t\t\t\t\t\t\t\t<p>EVOLYA, SL informa els usuaris de les seves p\u00e0gines web, de l&#8217;exist\u00e8ncia de cookies i posa a la vostra disposici\u00f3 aquesta Pol\u00edtica amb la finalitat d&#8217;informar-vos sobre l&#8217;\u00fas i l&#8217;objecte d&#8217;aquestes. El fet de continuar la navegaci\u00f3 a trav\u00e9s de les p\u00e0gines suposa el coneixement i l&#8217;acceptaci\u00f3 de la present Pol\u00edtica per part dels usuaris..<\/p>\n\t\t\t\t\t\t\t\t<\/div>\n\t\t\t\t<\/div>\n\t\t\t\t<div class=\"elementor-element elementor-element-ab26268 elementor-widget elementor-widget-text-editor\" data-id=\"ab26268\" data-element_type=\"widget\" data-widget_type=\"text-editor.default\">\n\t\t\t\t<div class=\"elementor-widget-container\">\n\t\t\t\t\t\t\t\t\t<p><strong>TIPUS DE COOKIES:<\/strong><\/p>\n\t\t\t\t\t\t\t\t<\/div>\n\t\t\t\t<\/div>\n\t\t\t\t<div class=\"elementor-element elementor-element-d95b6ed elementor-widget elementor-widget-text-editor\" data-id=\"d95b6ed\" data-element_type=\"widget\" data-widget_type=\"text-editor.default\">\n\t\t\t\t<div class=\"elementor-widget-container\">\n\t\t\t\t\t\t\t\t\t<p><strong>Classificades per la titularitat:<\/strong><\/p>\n<p>* Cookies pr\u00f2pies: enviades i gestionades directament per l&#8217;entitat.<\/p>\n<p>* Cookies de tercers: enviades i gestionades per un tercer ali\u00e8 a l&#8217;entitat, de forma an\u00f2nima, amb la finalitat de fer estudis estad\u00edstics de navegaci\u00f3 per les p\u00e0gines web de l&#8217;entitat.<\/p>\n\t\t\t\t\t\t\t\t<\/div>\n\t\t\t\t<\/div>\n\t\t\t\t<div class=\"elementor-element elementor-element-cc8d53b elementor-widget elementor-widget-text-editor\" data-id=\"cc8d53b\" data-element_type=\"widget\" data-widget_type=\"text-editor.default\">\n\t\t\t\t<div class=\"elementor-widget-container\">\n\t\t\t\t\t\t\t\t\t<p><strong>Classificades per la finalitat<\/strong>:<\/p>\n<p>* Cookies t\u00e8cniques i\/o de personalitzaci\u00f3: faciliten la navegaci\u00f3, en identificar la sessi\u00f3, permetre l&#8217;acc\u00e9s a eines d&#8217;acc\u00e9s restringit, a m\u00e9s de configurar a mida les opcions disponibles. Possibiliten la prestaci\u00f3 del servei sol\u00b7licitat pr\u00e8viament per l&#8217;usuari.<\/p>\n<p>* Cookies d&#8217;an\u00e0lisi i\/o publicitat: permeten con\u00e8ixer el nombre de visites rebudes a les diferents seccions de les p\u00e0gines web, els h\u00e0bits i tend\u00e8ncies dels seus usuaris i en conseq\u00fc\u00e8ncia, poder millorar la navegaci\u00f3 i el servei ofert per l&#8217;entitat (fonamentalment, Google Analytics), aix\u00ed com gestionar els espais publicitaris inclosos a la p\u00e0gina web visitada per lusuari. Recopila dades an\u00f2nimament amb la finalitat d&#8217;obtenir perfils de navegaci\u00f3 dels usuaris.<\/p>\n<p>* Cookies de xarxes socials externes: s&#8217;utilitzen perqu\u00e8 els visitants puguin interactuar amb el contingut de diferents plataformes socials (facebook, youtube, twitter, linkedIn, etc..) i que es generin \u00fanicament per als usuaris de les xarxes socials esmentades. Les condicions d&#8217;utilitzaci\u00f3 d&#8217;aquestes cookies i la informaci\u00f3 recopilada es regulen per la pol\u00edtica de privadesa de la plataforma social corresponent.<\/p>\n\t\t\t\t\t\t\t\t<\/div>\n\t\t\t\t<\/div>\n\t\t\t\t<div class=\"elementor-element elementor-element-11026f9 elementor-widget elementor-widget-text-editor\" data-id=\"11026f9\" data-element_type=\"widget\" data-widget_type=\"text-editor.default\">\n\t\t\t\t<div class=\"elementor-widget-container\">\n\t\t\t\t\t\t\t\t\t<p><strong>Classificades per la durada:<\/strong><\/p>\n<p>* Cookies de sessi\u00f3: recapten i emmagatzemen les dades mentre l&#8217;usuari accedeix a la p\u00e0gina web.<\/p>\n<p>* Cookies persistents: recapten i emmagatzemen les dades al terminal de l&#8217;usuari durant un per\u00edode de temps variable en funci\u00f3 de quina sigui la finalitat per a la qual han estat utilitzades.<\/p>\n\t\t\t\t\t\t\t\t<\/div>\n\t\t\t\t<\/div>\n\t\t\t\t<div class=\"elementor-element elementor-element-7c68203 elementor-widget elementor-widget-text-editor\" data-id=\"7c68203\" data-element_type=\"widget\" data-widget_type=\"text-editor.default\">\n\t\t\t\t<div class=\"elementor-widget-container\">\n\t\t\t\t\t\t\t\t\t<strong>DESACTIVACI\u00d3 I ELIMINACI\u00d3 DE COOKIES\u00a0 <\/strong>\r\n\t\t\t\t\t\t\t\t<\/div>\n\t\t\t\t<\/div>\n\t\t\t\t<div class=\"elementor-element elementor-element-f6cf5ab elementor-widget elementor-widget-text-editor\" data-id=\"f6cf5ab\" data-element_type=\"widget\" data-widget_type=\"text-editor.default\">\n\t\t\t\t<div class=\"elementor-widget-container\">\n\t\t\t\t\t\t\t\t\t<p>Teniu l&#8217;opci\u00f3 de permetre, bloquejar o eliminar les cookies instal\u00b7lades al vostre equip mitjan\u00e7ant la configuraci\u00f3 de les opcions del navegador instal\u00b7lat al vostre equip. En desactivar galetes, alguns dels serveis disponibles podrien deixar d&#8217;estar operatius. La manera de deshabilitar les galetes \u00e9s diferent per a cada navegador, per\u00f2 normalment es pot fer des del men\u00fa Eines o Opcions. Tamb\u00e9 podeu consultar el men\u00fa d&#8217;Ajuda del navegador on podeu trobar instruccions.<\/p>\n\t\t\t\t\t\t\t\t<\/div>\n\t\t\t\t<\/div>\n\t\t\t\t<div class=\"elementor-element elementor-element-4a7a732 elementor-widget elementor-widget-text-editor\" data-id=\"4a7a732\" data-element_type=\"widget\" data-widget_type=\"text-editor.default\">\n\t\t\t\t<div class=\"elementor-widget-container\">\n\t\t\t\t\t\t\t\t\t<p>L&#8217;usuari podr\u00e0 en qualsevol moment triar quines cookies que vol que funcionin en aquest lloc web. Podeu permetre, bloquejar o eliminar les cookies instal\u00b7lades al vostre equip mitjan\u00e7ant la configuraci\u00f3 de les opcions del navegador instal\u00b7lat al vostre ordinador:<\/p>\n\t\t\t\t\t\t\t\t<\/div>\n\t\t\t\t<\/div>\n\t\t\t\t<div class=\"elementor-element elementor-element-fe654b6 elementor-widget elementor-widget-text-editor\" data-id=\"fe654b6\" data-element_type=\"widget\" data-widget_type=\"text-editor.default\">\n\t\t\t\t<div class=\"elementor-widget-container\">\n\t\t\t\t\t\t\t\t\t<p>Microsoft Internet Explorer o Microsoft Edge: <a style=\"color: inherit;\" href=\"http:\/\/windows.microsoft.com\/es-es\/windows-vista\/Block-or-allow-cookies\">http:\/\/windows.microsoft.com\/es-es\/windows-vista\/Block-or-allow-cookies<\/a><\/p>\n<p>Mozilla Firefox: <a style=\"color: inherit;\" href=\"http:\/\/support.mozilla.org\/es\/kb\/impedir-que-los-sitios-web-guarden-sus-preferencia\">http:\/\/support.mozilla.org\/es\/kb\/impedir-que-los-sitios-web-guarden-sus-preferencia<\/a><\/p>\n<p>Chrome: <a style=\"color: inherit;\" href=\"https:\/\/support.google.com\/accounts\/answer\/61416?hl=es\">https:\/\/support.google.com\/accounts\/answer\/61416?hl=es<\/a><\/p>\n<p>Safari: <a style=\"color: inherit;\" href=\"http:\/\/safari.helpmax.net\/es\/privacidad-y-seguridad\/como-gestionar-las-cookies\/\">http:\/\/safari.helpmax.net\/es\/privacidad-y-seguridad\/como-gestionar-las-cookies\/<\/a><\/p>\n<p>Opera:<br \/><a style=\"color: inherit;\" href=\"http:\/\/help.opera.com\/Linux\/10.60\/es-ES\/cookies.html\">http:\/\/help.opera.com\/Linux\/10.60\/es-ES\/cookies.html<\/a><\/p>\n<p>A m\u00e9s, tamb\u00e9 podeu gestionar el magatzem de cookies al vostre navegador a trav\u00e9s d&#8217;eines com les seg\u00fcents<\/p>\n<p>Ghostery: <a style=\"color: inherit;\" href=\"http:\/\/www.ghostery.com\/\">www.ghostery.com\/<\/a><\/p>\n<p>Your online choices: <a style=\"color: inherit;\" href=\"http:\/\/www.youronlinechoices.com\/es\/\">www.youronlinechoices.com\/es\/<\/a><\/p>\n\t\t\t\t\t\t\t\t<\/div>\n\t\t\t\t<\/div>\n\t\t\t\t<div class=\"elementor-element elementor-element-390e249 elementor-widget elementor-widget-text-editor\" data-id=\"390e249\" data-element_type=\"widget\" data-widget_type=\"text-editor.default\">\n\t\t\t\t<div class=\"elementor-widget-container\">\n\t\t\t\t\t\t\t\t\t<p>A continuaci\u00f3, s&#8217;identifiquen les cookies que estan sent utilitzades en aquest portal web www.evolya.com, del qual \u00e9s titular EVOLYA, SL, aix\u00ed com la seva tipologia i funci\u00f3:<\/p>\n\t\t\t\t\t\t\t\t<\/div>\n\t\t\t\t<\/div>\n\t\t\t\t<div class=\"elementor-element elementor-element-5a4f128 elementor-widget elementor-widget-text-editor\" data-id=\"5a4f128\" data-element_type=\"widget\" data-widget_type=\"text-editor.default\">\n\t\t\t\t<div class=\"elementor-widget-container\">\n\t\t\t\t\t\t\t\t\t<p>Declaraci\u00f3 de cookies actualitzada per darrera vegada el 01\/01\/2022:<\/p>\n\t\t\t\t\t\t\t\t<\/div>\n\t\t\t\t<\/div>\n\t\t\t\t\t<\/div>\n\t\t<\/div>\n\t\t\t\t\t<\/div>\n\t\t<\/section>\n\t\t\t\t<section class=\"elementor-section elementor-top-section elementor-element elementor-element-624ea00 elementor-section-boxed elementor-section-height-default elementor-section-height-default\" data-id=\"624ea00\" data-element_type=\"section\">\n\t\t\t\t\t\t<div class=\"elementor-container elementor-column-gap-default\">\n\t\t\t\t\t<div class=\"elementor-column elementor-col-100 elementor-top-column elementor-element elementor-element-6c940e4\" data-id=\"6c940e4\" data-element_type=\"column\">\n\t\t\t<div class=\"elementor-widget-wrap elementor-element-populated\">\n\t\t\t\t\t\t<div class=\"elementor-element elementor-element-4bab545 elementor-widget elementor-widget-html\" data-id=\"4bab545\" data-element_type=\"widget\" data-widget_type=\"html.default\">\n\t\t\t\t<div class=\"elementor-widget-container\">\n\t\t\t\t\t<script id=\"CookieDeclaration\" src=\"https:\/\/consent.cookiebot.com\/fd55a6f0-fdc7-405b-9682-addbe9c00fff\/cd.js\" type=\"text\/javascript\" async><\/script>\t\t\t\t<\/div>\n\t\t\t\t<\/div>\n\t\t\t\t\t<\/div>\n\t\t<\/div>\n\t\t\t\t\t<\/div>\n\t\t<\/section>\n\t\t\t\t<\/div>\n\t\t","protected":false},"excerpt":{"rendered":"<p>POL\u00cdTICA DE COOKIES INFORMACI\u00d3 B\u00c0SICA SOBRE PROTECCI\u00d3 DE DADES EVOLYA, SL, a trav\u00e9s del present document, recull la seva Pol\u00edtica de recollida i tractament de cookies, en compliment del que disposa l&#8217;article 22.2 de la Llei 34\/2002, d&#8217;11 de juliol, de Serveis de la Societat de la Informaci\u00f3 i de Comer\u00e7 Electr\u00f2nic (LSSICE). Les cookies [&hellip;]<\/p>\n","protected":false},"author":1,"featured_media":0,"parent":0,"menu_order":0,"comment_status":"closed","ping_status":"closed","template":"elementor_header_footer","meta":{"footnotes":""},"class_list":["post-5557","page","type-page","status-publish","hentry"],"yoast_head":"<!-- This site is optimized with the Yoast SEO plugin v24.3 - https:\/\/yoast.com\/wordpress\/plugins\/seo\/ -->\n<title>Pol\u00edtica de cookies - Evolya<\/title>\n<meta name=\"robots\" content=\"index, follow, max-snippet:-1, max-image-preview:large, max-video-preview:-1\" \/>\n<link rel=\"canonical\" href=\"https:\/\/evolya.com\/politica-de-cookies\/\" \/>\n<meta property=\"og:locale\" content=\"ca_ES\" \/>\n<meta property=\"og:type\" content=\"article\" \/>\n<meta property=\"og:title\" content=\"Pol\u00edtica de cookies - Evolya\" \/>\n<meta property=\"og:description\" content=\"POL\u00cdTICA DE COOKIES INFORMACI\u00d3 B\u00c0SICA SOBRE PROTECCI\u00d3 DE DADES EVOLYA, SL, a trav\u00e9s del present document, recull la seva Pol\u00edtica de recollida i tractament de cookies, en compliment del que disposa l&#8217;article 22.2 de la Llei 34\/2002, d&#8217;11 de juliol, de Serveis de la Societat de la Informaci\u00f3 i de Comer\u00e7 Electr\u00f2nic (LSSICE). Les cookies [&hellip;]\" \/>\n<meta property=\"og:url\" content=\"https:\/\/evolya.com\/politica-de-cookies\/\" \/>\n<meta property=\"og:site_name\" content=\"Evolya\" \/>\n<meta property=\"article:modified_time\" content=\"2023-11-30T13:01:15+00:00\" \/>\n<meta name=\"twitter:card\" content=\"summary_large_image\" \/>\n<meta name=\"twitter:label1\" content=\"Temps estimat de lectura\" \/>\n\t<meta name=\"twitter:data1\" content=\"4 minuts\" \/>\n<script type=\"application\/ld+json\" class=\"yoast-schema-graph\">{\"@context\":\"https:\/\/schema.org\",\"@graph\":[{\"@type\":\"WebPage\",\"@id\":\"https:\/\/evolya.com\/politica-de-cookies\/\",\"url\":\"https:\/\/evolya.com\/politica-de-cookies\/\",\"name\":\"Pol\u00edtica de cookies - Evolya\",\"isPartOf\":{\"@id\":\"https:\/\/evolya.com\/#website\"},\"datePublished\":\"2022-05-09T07:20:03+00:00\",\"dateModified\":\"2023-11-30T13:01:15+00:00\",\"breadcrumb\":{\"@id\":\"https:\/\/evolya.com\/politica-de-cookies\/#breadcrumb\"},\"inLanguage\":\"ca\",\"potentialAction\":[{\"@type\":\"ReadAction\",\"target\":[\"https:\/\/evolya.com\/politica-de-cookies\/\"]}]},{\"@type\":\"BreadcrumbList\",\"@id\":\"https:\/\/evolya.com\/politica-de-cookies\/#breadcrumb\",\"itemListElement\":[{\"@type\":\"ListItem\",\"position\":1,\"name\":\"Portada\",\"item\":\"https:\/\/evolya.com\/error-404\/\"},{\"@type\":\"ListItem\",\"position\":2,\"name\":\"Pol\u00edtica de cookies\"}]},{\"@type\":\"WebSite\",\"@id\":\"https:\/\/evolya.com\/#website\",\"url\":\"https:\/\/evolya.com\/\",\"name\":\"Evolya\",\"description\":\"Evoluci\u00f3n y agricultura\",\"publisher\":{\"@id\":\"https:\/\/evolya.com\/#organization\"},\"potentialAction\":[{\"@type\":\"SearchAction\",\"target\":{\"@type\":\"EntryPoint\",\"urlTemplate\":\"https:\/\/evolya.com\/?s={search_term_string}\"},\"query-input\":{\"@type\":\"PropertyValueSpecification\",\"valueRequired\":true,\"valueName\":\"search_term_string\"}}],\"inLanguage\":\"ca\"},{\"@type\":\"Organization\",\"@id\":\"https:\/\/evolya.com\/#organization\",\"name\":\"Evolya\",\"url\":\"https:\/\/evolya.com\/\",\"logo\":{\"@type\":\"ImageObject\",\"inLanguage\":\"ca\",\"@id\":\"https:\/\/evolya.com\/#\/schema\/logo\/image\/\",\"url\":\"https:\/\/evolya.com\/wp-content\/uploads\/logo-header.jpg\",\"contentUrl\":\"https:\/\/evolya.com\/wp-content\/uploads\/logo-header.jpg\",\"width\":186,\"height\":58,\"caption\":\"Evolya\"},\"image\":{\"@id\":\"https:\/\/evolya.com\/#\/schema\/logo\/image\/\"}}]}<\/script>\n<!-- \/ Yoast SEO plugin. -->","yoast_head_json":{"title":"Pol\u00edtica de cookies - Evolya","robots":{"index":"index","follow":"follow","max-snippet":"max-snippet:-1","max-image-preview":"max-image-preview:large","max-video-preview":"max-video-preview:-1"},"canonical":"https:\/\/evolya.com\/politica-de-cookies\/","og_locale":"ca_ES","og_type":"article","og_title":"Pol\u00edtica de cookies - Evolya","og_description":"POL\u00cdTICA DE COOKIES INFORMACI\u00d3 B\u00c0SICA SOBRE PROTECCI\u00d3 DE DADES EVOLYA, SL, a trav\u00e9s del present document, recull la seva Pol\u00edtica de recollida i tractament de cookies, en compliment del que disposa l&#8217;article 22.2 de la Llei 34\/2002, d&#8217;11 de juliol, de Serveis de la Societat de la Informaci\u00f3 i de Comer\u00e7 Electr\u00f2nic (LSSICE). Les cookies [&hellip;]","og_url":"https:\/\/evolya.com\/politica-de-cookies\/","og_site_name":"Evolya","article_modified_time":"2023-11-30T13:01:15+00:00","twitter_card":"summary_large_image","twitter_misc":{"Temps estimat de lectura":"4 minuts"},"schema":{"@context":"https:\/\/schema.org","@graph":[{"@type":"WebPage","@id":"https:\/\/evolya.com\/politica-de-cookies\/","url":"https:\/\/evolya.com\/politica-de-cookies\/","name":"Pol\u00edtica de cookies - Evolya","isPartOf":{"@id":"https:\/\/evolya.com\/#website"},"datePublished":"2022-05-09T07:20:03+00:00","dateModified":"2023-11-30T13:01:15+00:00","breadcrumb":{"@id":"https:\/\/evolya.com\/politica-de-cookies\/#breadcrumb"},"inLanguage":"ca","potentialAction":[{"@type":"ReadAction","target":["https:\/\/evolya.com\/politica-de-cookies\/"]}]},{"@type":"BreadcrumbList","@id":"https:\/\/evolya.com\/politica-de-cookies\/#breadcrumb","itemListElement":[{"@type":"ListItem","position":1,"name":"Portada","item":"https:\/\/evolya.com\/error-404\/"},{"@type":"ListItem","position":2,"name":"Pol\u00edtica de cookies"}]},{"@type":"WebSite","@id":"https:\/\/evolya.com\/#website","url":"https:\/\/evolya.com\/","name":"Evolya","description":"Evoluci\u00f3n y agricultura","publisher":{"@id":"https:\/\/evolya.com\/#organization"},"potentialAction":[{"@type":"SearchAction","target":{"@type":"EntryPoint","urlTemplate":"https:\/\/evolya.com\/?s={search_term_string}"},"query-input":{"@type":"PropertyValueSpecification","valueRequired":true,"valueName":"search_term_string"}}],"inLanguage":"ca"},{"@type":"Organization","@id":"https:\/\/evolya.com\/#organization","name":"Evolya","url":"https:\/\/evolya.com\/","logo":{"@type":"ImageObject","inLanguage":"ca","@id":"https:\/\/evolya.com\/#\/schema\/logo\/image\/","url":"https:\/\/evolya.com\/wp-content\/uploads\/logo-header.jpg","contentUrl":"https:\/\/evolya.com\/wp-content\/uploads\/logo-header.jpg","width":186,"height":58,"caption":"Evolya"},"image":{"@id":"https:\/\/evolya.com\/#\/schema\/logo\/image\/"}}]}},"_links":{"self":[{"href":"https:\/\/evolya.com\/ca\/wp-json\/wp\/v2\/pages\/5557","targetHints":{"allow":["GET"]}}],"collection":[{"href":"https:\/\/evolya.com\/ca\/wp-json\/wp\/v2\/pages"}],"about":[{"href":"https:\/\/evolya.com\/ca\/wp-json\/wp\/v2\/types\/page"}],"author":[{"embeddable":true,"href":"https:\/\/evolya.com\/ca\/wp-json\/wp\/v2\/users\/1"}],"replies":[{"embeddable":true,"href":"https:\/\/evolya.com\/ca\/wp-json\/wp\/v2\/comments?post=5557"}],"version-history":[{"count":0,"href":"https:\/\/evolya.com\/ca\/wp-json\/wp\/v2\/pages\/5557\/revisions"}],"wp:attachment":[{"href":"https:\/\/evolya.com\/ca\/wp-json\/wp\/v2\/media?parent=5557"}],"curies":[{"name":"wp","href":"https:\/\/api.w.org\/{rel}","templated":true}]}}