{"id":5543,"date":"2022-05-06T11:36:43","date_gmt":"2022-05-06T11:36:43","guid":{"rendered":"http:\/\/dmn139.ipmarketing.grn.es\/noticies\/"},"modified":"2024-02-05T11:09:51","modified_gmt":"2024-02-05T11:09:51","slug":"noticies","status":"publish","type":"page","link":"https:\/\/evolya.com\/ca\/noticies\/","title":{"rendered":"Not\u00edcies"},"content":{"rendered":"\t\t<div data-elementor-type=\"wp-page\" data-elementor-id=\"5543\" class=\"elementor elementor-5543\" data-elementor-post-type=\"page\">\n\t\t\t\t\t\t<section class=\"elementor-section elementor-top-section elementor-element elementor-element-b298aa3 elementor-section-boxed elementor-section-height-default elementor-section-height-default elementor-invisible\" data-id=\"b298aa3\" data-element_type=\"section\" data-settings=\"{&quot;background_background&quot;:&quot;classic&quot;,&quot;animation&quot;:&quot;fadeIn&quot;}\">\n\t\t\t\t\t\t\t<div class=\"elementor-background-overlay\"><\/div>\n\t\t\t\t\t\t\t<div class=\"elementor-container elementor-column-gap-default\">\n\t\t\t\t\t<div class=\"elementor-column elementor-col-100 elementor-top-column elementor-element elementor-element-a9222f0\" data-id=\"a9222f0\" data-element_type=\"column\">\n\t\t\t<div class=\"elementor-widget-wrap elementor-element-populated\">\n\t\t\t\t\t\t<div class=\"elementor-element elementor-element-e7740a9 elementor-invisible elementor-widget elementor-widget-text-editor\" data-id=\"e7740a9\" data-element_type=\"widget\" data-settings=\"{&quot;_animation&quot;:&quot;fadeInUp&quot;}\" data-widget_type=\"text-editor.default\">\n\t\t\t\t<div class=\"elementor-widget-container\">\n\t\t\t\t\t\t\t\t\t<h1><span style=\"color: #012698; font-size: 1.3em;\">\r\nINNOVACI\u00d3 I COMPROM\u00cdS\r\n<\/span>\r\n<br \/>\r\n<span style=\"text-transform: uppercase; font-size: .6em; line-height: 0; color: #012698;\">\r\nSOLUCIONS ADAPTADES A LES TEVES NECESSITATS\r\n<\/span><\/h1>\t\t\t\t\t\t\t\t<\/div>\n\t\t\t\t<\/div>\n\t\t\t\t\t<\/div>\n\t\t<\/div>\n\t\t\t\t\t<\/div>\n\t\t<\/section>\n\t\t\t\t<section class=\"elementor-section elementor-top-section elementor-element elementor-element-73dfa2f elementor-section-boxed elementor-section-height-default elementor-section-height-default\" data-id=\"73dfa2f\" data-element_type=\"section\" data-settings=\"{&quot;background_background&quot;:&quot;classic&quot;}\">\n\t\t\t\t\t\t<div class=\"elementor-container elementor-column-gap-default\">\n\t\t\t\t\t<div class=\"elementor-column elementor-col-100 elementor-top-column elementor-element elementor-element-a834d73\" data-id=\"a834d73\" data-element_type=\"column\">\n\t\t\t<div class=\"elementor-widget-wrap elementor-element-populated\">\n\t\t\t\t\t\t<div class=\"elementor-element elementor-element-2b78f0aa elementor-grid-tablet-1 elementor-grid-1 elementor-posts--thumbnail-left bloque-noticias elementor-grid-mobile-1 elementor-invisible elementor-widget elementor-widget-posts\" data-id=\"2b78f0aa\" data-element_type=\"widget\" data-settings=\"{&quot;classic_columns_tablet&quot;:&quot;1&quot;,&quot;classic_row_gap&quot;:{&quot;unit&quot;:&quot;px&quot;,&quot;size&quot;:20,&quot;sizes&quot;:[]},&quot;_animation&quot;:&quot;fadeInUp&quot;,&quot;classic_columns&quot;:&quot;1&quot;,&quot;pagination_type&quot;:&quot;numbers_and_prev_next&quot;,&quot;classic_columns_mobile&quot;:&quot;1&quot;,&quot;classic_row_gap_tablet&quot;:{&quot;unit&quot;:&quot;px&quot;,&quot;size&quot;:&quot;&quot;,&quot;sizes&quot;:[]},&quot;classic_row_gap_mobile&quot;:{&quot;unit&quot;:&quot;px&quot;,&quot;size&quot;:&quot;&quot;,&quot;sizes&quot;:[]}}\" data-widget_type=\"posts.classic\">\n\t\t\t\t<div class=\"elementor-widget-container\">\n\t\t\t\t\t\t\t<div class=\"elementor-posts-container elementor-posts elementor-posts--skin-classic elementor-grid\">\n\t\t\t\t<article class=\"elementor-post elementor-grid-item post-6462 post type-post status-publish format-standard has-post-thumbnail hentry category-uncategorized-ca\">\n\t\t\t\t<a class=\"elementor-post__thumbnail__link\" href=\"https:\/\/evolya.com\/ca\/uncategorized-ca\/innovant-en-agricultura-la-jornada-tecnica-devolya-s-l-sobre-el-sistema-antipluja-de-voen\/\" tabindex=\"-1\" >\n\t\t\t<div class=\"elementor-post__thumbnail\"><img fetchpriority=\"high\" decoding=\"async\" width=\"2048\" height=\"1518\" src=\"https:\/\/evolya.com\/wp-content\/uploads\/Innovando-en-Agricultura-La-Jornada-Tecnica-de-EVOLYA-S.L.-sobre-el-Sistema-Antilluvia-de-VOEN.jpeg\" class=\"attachment-full size-full wp-image-6447\" alt=\"\" srcset=\"https:\/\/evolya.com\/wp-content\/uploads\/Innovando-en-Agricultura-La-Jornada-Tecnica-de-EVOLYA-S.L.-sobre-el-Sistema-Antilluvia-de-VOEN.jpeg 2048w, https:\/\/evolya.com\/wp-content\/uploads\/Innovando-en-Agricultura-La-Jornada-Tecnica-de-EVOLYA-S.L.-sobre-el-Sistema-Antilluvia-de-VOEN-300x222.jpeg 300w, https:\/\/evolya.com\/wp-content\/uploads\/Innovando-en-Agricultura-La-Jornada-Tecnica-de-EVOLYA-S.L.-sobre-el-Sistema-Antilluvia-de-VOEN-1024x759.jpeg 1024w, https:\/\/evolya.com\/wp-content\/uploads\/Innovando-en-Agricultura-La-Jornada-Tecnica-de-EVOLYA-S.L.-sobre-el-Sistema-Antilluvia-de-VOEN-768x569.jpeg 768w, https:\/\/evolya.com\/wp-content\/uploads\/Innovando-en-Agricultura-La-Jornada-Tecnica-de-EVOLYA-S.L.-sobre-el-Sistema-Antilluvia-de-VOEN-1536x1139.jpeg 1536w\" sizes=\"(max-width: 2048px) 100vw, 2048px\" \/><\/div>\n\t\t<\/a>\n\t\t\t\t<div class=\"elementor-post__text\">\n\t\t\t\t<h2 class=\"elementor-post__title\">\n\t\t\t<a href=\"https:\/\/evolya.com\/ca\/uncategorized-ca\/innovant-en-agricultura-la-jornada-tecnica-devolya-s-l-sobre-el-sistema-antipluja-de-voen\/\" >\n\t\t\t\tInnovant en Agricultura: La Jornada T\u00e8cnica d\u2019EVOLYA S.L. sobre el Sistema Antipluja de VOEN\t\t\t<\/a>\n\t\t<\/h2>\n\t\t\t\t<div class=\"elementor-post__excerpt\">\n\t\t\t<p>El 2 de maig passat en un ambient d&#8217;entusiasme i expectativa, EVOLYA<\/p>\n\t\t<\/div>\n\t\t\n\t\t<a class=\"elementor-post__read-more\" href=\"https:\/\/evolya.com\/ca\/uncategorized-ca\/innovant-en-agricultura-la-jornada-tecnica-devolya-s-l-sobre-el-sistema-antipluja-de-voen\/\" aria-label=\"Read more about Innovant en Agricultura: La Jornada T\u00e8cnica d\u2019EVOLYA S.L. sobre el Sistema Antipluja de VOEN\" tabindex=\"-1\" >\n\t\t\tLLEGIR M\u00c9S \u00bb\t\t<\/a>\n\n\t\t\t\t<\/div>\n\t\t\t\t<\/article>\n\t\t\t\t<article class=\"elementor-post elementor-grid-item post-6431 post type-post status-publish format-standard has-post-thumbnail hentry category-uncategorized-ca\">\n\t\t\t\t<a class=\"elementor-post__thumbnail__link\" href=\"https:\/\/evolya.com\/ca\/uncategorized-ca\/estrategies-personalitzades-devolya-per-a-combatre-les-condicions-climatiques-a-lagricultura\/\" tabindex=\"-1\" >\n\t\t\t<div class=\"elementor-post__thumbnail\"><img decoding=\"async\" width=\"650\" height=\"650\" src=\"https:\/\/evolya.com\/wp-content\/uploads\/mallas_antilluvia_impide_impacto.jpg\" class=\"attachment-full size-full wp-image-5959\" alt=\"mallas antilluvia\" srcset=\"https:\/\/evolya.com\/wp-content\/uploads\/mallas_antilluvia_impide_impacto.jpg 650w, https:\/\/evolya.com\/wp-content\/uploads\/mallas_antilluvia_impide_impacto-300x300.jpg 300w, https:\/\/evolya.com\/wp-content\/uploads\/mallas_antilluvia_impide_impacto-150x150.jpg 150w\" sizes=\"(max-width: 650px) 100vw, 650px\" \/><\/div>\n\t\t<\/a>\n\t\t\t\t<div class=\"elementor-post__text\">\n\t\t\t\t<h2 class=\"elementor-post__title\">\n\t\t\t<a href=\"https:\/\/evolya.com\/ca\/uncategorized-ca\/estrategies-personalitzades-devolya-per-a-combatre-les-condicions-climatiques-a-lagricultura\/\" >\n\t\t\t\tEstrat\u00e8gies personalitzades d&#8217;Evolya per a combatre les condicions clim\u00e0tiques a l\u2019agricultura\t\t\t<\/a>\n\t\t<\/h2>\n\t\t\t\t<div class=\"elementor-post__excerpt\">\n\t\t\t<p>L&#8217;agricultura s&#8217;enfronta constantment al repte de les condicions clim\u00e0tiques adverses, essent les<\/p>\n\t\t<\/div>\n\t\t\n\t\t<a class=\"elementor-post__read-more\" href=\"https:\/\/evolya.com\/ca\/uncategorized-ca\/estrategies-personalitzades-devolya-per-a-combatre-les-condicions-climatiques-a-lagricultura\/\" aria-label=\"Read more about Estrat\u00e8gies personalitzades d&#8217;Evolya per a combatre les condicions clim\u00e0tiques a l\u2019agricultura\" tabindex=\"-1\" >\n\t\t\tLLEGIR M\u00c9S \u00bb\t\t<\/a>\n\n\t\t\t\t<\/div>\n\t\t\t\t<\/article>\n\t\t\t\t<article class=\"elementor-post elementor-grid-item post-6417 post type-post status-publish format-standard has-post-thumbnail hentry category-uncategorized-ca\">\n\t\t\t\t<a class=\"elementor-post__thumbnail__link\" href=\"https:\/\/evolya.com\/ca\/uncategorized-ca\/evolya-innovacio-i-sostenibilitat-en-la-proteccio-de-cultius-una-experiencia-dexit-en-agroexpo\/\" tabindex=\"-1\" >\n\t\t\t<div class=\"elementor-post__thumbnail\"><img decoding=\"async\" width=\"1600\" height=\"1200\" src=\"https:\/\/evolya.com\/wp-content\/uploads\/WhatsApp-Image-2024-01-26-at-12.38.19.jpeg\" class=\"attachment-full size-full wp-image-6408\" alt=\"\" srcset=\"https:\/\/evolya.com\/wp-content\/uploads\/WhatsApp-Image-2024-01-26-at-12.38.19.jpeg 1600w, https:\/\/evolya.com\/wp-content\/uploads\/WhatsApp-Image-2024-01-26-at-12.38.19-300x225.jpeg 300w, https:\/\/evolya.com\/wp-content\/uploads\/WhatsApp-Image-2024-01-26-at-12.38.19-1024x768.jpeg 1024w, https:\/\/evolya.com\/wp-content\/uploads\/WhatsApp-Image-2024-01-26-at-12.38.19-768x576.jpeg 768w, https:\/\/evolya.com\/wp-content\/uploads\/WhatsApp-Image-2024-01-26-at-12.38.19-1536x1152.jpeg 1536w\" sizes=\"(max-width: 1600px) 100vw, 1600px\" \/><\/div>\n\t\t<\/a>\n\t\t\t\t<div class=\"elementor-post__text\">\n\t\t\t\t<h2 class=\"elementor-post__title\">\n\t\t\t<a href=\"https:\/\/evolya.com\/ca\/uncategorized-ca\/evolya-innovacio-i-sostenibilitat-en-la-proteccio-de-cultius-una-experiencia-dexit-en-agroexpo\/\" >\n\t\t\t\tEVOLYA: Innovaci\u00f3 I Sostenibilitat en la Protecci\u00f3 de Cultius &#8211; Una Experi\u00e8ncia d\u2019\u00c8xit en Agroexpo\t\t\t<\/a>\n\t\t<\/h2>\n\t\t\t\t<div class=\"elementor-post__excerpt\">\n\t\t\t<p>La Fira Agroexpo, celebrada a Badajoz, \u00e9s un esdeveniment internacional destacat al<\/p>\n\t\t<\/div>\n\t\t\n\t\t<a class=\"elementor-post__read-more\" href=\"https:\/\/evolya.com\/ca\/uncategorized-ca\/evolya-innovacio-i-sostenibilitat-en-la-proteccio-de-cultius-una-experiencia-dexit-en-agroexpo\/\" aria-label=\"Read more about EVOLYA: Innovaci\u00f3 I Sostenibilitat en la Protecci\u00f3 de Cultius &#8211; Una Experi\u00e8ncia d\u2019\u00c8xit en Agroexpo\" tabindex=\"-1\" >\n\t\t\tLLEGIR M\u00c9S \u00bb\t\t<\/a>\n\n\t\t\t\t<\/div>\n\t\t\t\t<\/article>\n\t\t\t\t<article class=\"elementor-post elementor-grid-item post-6327 post type-post status-publish format-standard has-post-thumbnail hentry category-uncategorized-ca\">\n\t\t\t\t<a class=\"elementor-post__thumbnail__link\" href=\"https:\/\/evolya.com\/ca\/uncategorized-ca\/com-saber-quina-es-la-millor-xarxa-per-protegir-el-teu-cultiu\/\" tabindex=\"-1\" >\n\t\t\t<div class=\"elementor-post__thumbnail\"><img loading=\"lazy\" decoding=\"async\" width=\"1920\" height=\"1080\" src=\"https:\/\/evolya.com\/wp-content\/uploads\/Diseno-sin-titulo-18.png\" class=\"attachment-full size-full wp-image-6313\" alt=\"\" srcset=\"https:\/\/evolya.com\/wp-content\/uploads\/Diseno-sin-titulo-18.png 1920w, https:\/\/evolya.com\/wp-content\/uploads\/Diseno-sin-titulo-18-300x169.png 300w, https:\/\/evolya.com\/wp-content\/uploads\/Diseno-sin-titulo-18-1024x576.png 1024w, https:\/\/evolya.com\/wp-content\/uploads\/Diseno-sin-titulo-18-768x432.png 768w, https:\/\/evolya.com\/wp-content\/uploads\/Diseno-sin-titulo-18-1536x864.png 1536w\" sizes=\"(max-width: 1920px) 100vw, 1920px\" \/><\/div>\n\t\t<\/a>\n\t\t\t\t<div class=\"elementor-post__text\">\n\t\t\t\t<h2 class=\"elementor-post__title\">\n\t\t\t<a href=\"https:\/\/evolya.com\/ca\/uncategorized-ca\/com-saber-quina-es-la-millor-xarxa-per-protegir-el-teu-cultiu\/\" >\n\t\t\t\tEL VENT POT SER TANT EL TEU ALIAT COM UN ENEMIC.\t\t\t<\/a>\n\t\t<\/h2>\n\t\t\t\t<div class=\"elementor-post__excerpt\">\n\t\t\t<p>Protegint els teus Cultius del Vent amb Pantalles Tallavents Quan es tracta<\/p>\n\t\t<\/div>\n\t\t\n\t\t<a class=\"elementor-post__read-more\" href=\"https:\/\/evolya.com\/ca\/uncategorized-ca\/com-saber-quina-es-la-millor-xarxa-per-protegir-el-teu-cultiu\/\" aria-label=\"Read more about EL VENT POT SER TANT EL TEU ALIAT COM UN ENEMIC.\" tabindex=\"-1\" >\n\t\t\tLLEGIR M\u00c9S \u00bb\t\t<\/a>\n\n\t\t\t\t<\/div>\n\t\t\t\t<\/article>\n\t\t\t\t<article class=\"elementor-post elementor-grid-item post-5661 post type-post status-publish format-standard has-post-thumbnail hentry category-uncategorized-ca\">\n\t\t\t\t<a class=\"elementor-post__thumbnail__link\" href=\"https:\/\/evolya.com\/ca\/uncategorized-ca\/evolya-a-la-23a-jornada-fructicola-organitzada-per-lirta\/\" tabindex=\"-1\" >\n\t\t\t<div class=\"elementor-post__thumbnail\"><img loading=\"lazy\" decoding=\"async\" width=\"1600\" height=\"450\" src=\"https:\/\/evolya.com\/wp-content\/uploads\/image-fira.jpg\" class=\"attachment-full size-full wp-image-3607\" alt=\"\" srcset=\"https:\/\/evolya.com\/wp-content\/uploads\/image-fira.jpg 1600w, https:\/\/evolya.com\/wp-content\/uploads\/image-fira-300x84.jpg 300w, https:\/\/evolya.com\/wp-content\/uploads\/image-fira-1024x288.jpg 1024w, https:\/\/evolya.com\/wp-content\/uploads\/image-fira-768x216.jpg 768w, https:\/\/evolya.com\/wp-content\/uploads\/image-fira-1536x432.jpg 1536w\" sizes=\"(max-width: 1600px) 100vw, 1600px\" \/><\/div>\n\t\t<\/a>\n\t\t\t\t<div class=\"elementor-post__text\">\n\t\t\t\t<h2 class=\"elementor-post__title\">\n\t\t\t<a href=\"https:\/\/evolya.com\/ca\/uncategorized-ca\/evolya-a-la-23a-jornada-fructicola-organitzada-per-lirta\/\" >\n\t\t\t\tEvolya a la 23a jornada fruct\u00edcola organitzada per l&#8217;IRTA\t\t\t<\/a>\n\t\t<\/h2>\n\t\t\t\t<div class=\"elementor-post__excerpt\">\n\t\t\t<p>Una nova edici\u00f3 plena de nous aprenentatges per sumar als nostres serveis<\/p>\n\t\t<\/div>\n\t\t\n\t\t<a class=\"elementor-post__read-more\" href=\"https:\/\/evolya.com\/ca\/uncategorized-ca\/evolya-a-la-23a-jornada-fructicola-organitzada-per-lirta\/\" aria-label=\"Read more about Evolya a la 23a jornada fruct\u00edcola organitzada per l&#8217;IRTA\" tabindex=\"-1\" >\n\t\t\tLLEGIR M\u00c9S \u00bb\t\t<\/a>\n\n\t\t\t\t<\/div>\n\t\t\t\t<\/article>\n\t\t\t\t<\/div>\n\t\t\n\t\t\t\t<div class=\"e-load-more-anchor\" data-page=\"1\" data-max-page=\"2\" data-next-page=\"https:\/\/evolya.com\/ca\/wp-json\/wp\/v2\/pages\/5543\/page\/2\/\"><\/div>\n\t\t\t\t<nav class=\"elementor-pagination\" aria-label=\"Paginaci\u00f3\">\n\t\t\t<span class=\"page-numbers prev\">&laquo; Anterior<\/span>\n<span aria-current=\"page\" class=\"page-numbers current\"><span class=\"elementor-screen-only\">P\u00e0gina<\/span>1<\/span>\n<a class=\"page-numbers\" href=\"https:\/\/evolya.com\/ca\/wp-json\/wp\/v2\/pages\/5543\/page\/2\/\"><span class=\"elementor-screen-only\">P\u00e0gina<\/span>2<\/a>\n<a class=\"page-numbers next\" href=\"https:\/\/evolya.com\/ca\/wp-json\/wp\/v2\/pages\/5543\/page\/2\/\">Seg\u00fcent &raquo;<\/a>\t\t<\/nav>\n\t\t\t\t\t\t<\/div>\n\t\t\t\t<\/div>\n\t\t\t\t\t<\/div>\n\t\t<\/div>\n\t\t\t\t\t<\/div>\n\t\t<\/section>\n\t\t\t\t<section class=\"elementor-section elementor-top-section elementor-element elementor-element-d5e0766 elementor-hidden-tablet elementor-hidden-mobile elementor-section-boxed elementor-section-height-default elementor-section-height-default\" data-id=\"d5e0766\" data-element_type=\"section\" data-settings=\"{&quot;background_background&quot;:&quot;classic&quot;}\">\n\t\t\t\t\t\t<div class=\"elementor-container elementor-column-gap-default\">\n\t\t\t\t\t<div class=\"elementor-column elementor-col-100 elementor-top-column elementor-element elementor-element-76097a5\" data-id=\"76097a5\" data-element_type=\"column\">\n\t\t\t<div class=\"elementor-widget-wrap elementor-element-populated\">\n\t\t\t\t\t\t<div class=\"elementor-element elementor-element-056de34 elementor-mobile-align-justify elementor-align-center e-transform elementor-fixed boto-testing e-transform elementor-widget elementor-widget-button\" data-id=\"056de34\" data-element_type=\"widget\" data-settings=\"{&quot;_transform_rotateZ_effect&quot;:{&quot;unit&quot;:&quot;px&quot;,&quot;size&quot;:270,&quot;sizes&quot;:[]},&quot;_transform_translateX_effect&quot;:{&quot;unit&quot;:&quot;%&quot;,&quot;size&quot;:-35,&quot;sizes&quot;:[]},&quot;_transform_translateX_effect_tablet&quot;:{&quot;unit&quot;:&quot;%&quot;,&quot;size&quot;:&quot;&quot;,&quot;sizes&quot;:[]},&quot;_transform_translateX_effect_mobile&quot;:{&quot;unit&quot;:&quot;%&quot;,&quot;size&quot;:&quot;&quot;,&quot;sizes&quot;:[]},&quot;_position&quot;:&quot;fixed&quot;,&quot;_transform_translateY_effect&quot;:{&quot;unit&quot;:&quot;%&quot;,&quot;size&quot;:55,&quot;sizes&quot;:[]},&quot;_transform_translateY_effect_tablet&quot;:{&quot;unit&quot;:&quot;%&quot;,&quot;size&quot;:&quot;&quot;,&quot;sizes&quot;:[]},&quot;_transform_translateY_effect_mobile&quot;:{&quot;unit&quot;:&quot;%&quot;,&quot;size&quot;:&quot;&quot;,&quot;sizes&quot;:[]},&quot;_transform_rotateZ_effect_tablet&quot;:{&quot;unit&quot;:&quot;deg&quot;,&quot;size&quot;:&quot;&quot;,&quot;sizes&quot;:[]},&quot;_transform_rotateZ_effect_mobile&quot;:{&quot;unit&quot;:&quot;deg&quot;,&quot;size&quot;:&quot;&quot;,&quot;sizes&quot;:[]}}\" data-widget_type=\"button.default\">\n\t\t\t\t<div class=\"elementor-widget-container\">\n\t\t\t\t\t\t\t\t\t<div class=\"elementor-button-wrapper\">\n\t\t\t\t\t<a class=\"elementor-button elementor-button-link elementor-size-sm\" href=\"\/ca\/contacto\/index.php#formulario-contacto\">\n\t\t\t\t\t\t<span class=\"elementor-button-content-wrapper\">\n\t\t\t\t\t\t\t\t\t<span class=\"elementor-button-text\">Com podem <br \/> ajudar-te?<\/span>\n\t\t\t\t\t<\/span>\n\t\t\t\t\t<\/a>\n\t\t\t\t<\/div>\n\t\t\t\t\t\t\t\t<\/div>\n\t\t\t\t<\/div>\n\t\t\t\t\t<\/div>\n\t\t<\/div>\n\t\t\t\t\t<\/div>\n\t\t<\/section>\n\t\t\t\t<\/div>\n\t\t","protected":false},"excerpt":{"rendered":"<p>INNOVACI\u00d3 I COMPROM\u00cdS SOLUCIONS ADAPTADES A LES TEVES NECESSITATS Com podem ajudar-te?<\/p>\n","protected":false},"author":1,"featured_media":6529,"parent":0,"menu_order":0,"comment_status":"closed","ping_status":"closed","template":"elementor_header_footer","meta":{"footnotes":""},"class_list":["post-5543","page","type-page","status-publish","has-post-thumbnail","hentry"],"yoast_head":"<!-- This site is optimized with the Yoast SEO plugin v24.3 - https:\/\/yoast.com\/wordpress\/plugins\/seo\/ -->\n<title>Not\u00edcies - Evolya<\/title>\n<meta name=\"robots\" content=\"index, follow, max-snippet:-1, max-image-preview:large, max-video-preview:-1\" \/>\n<link rel=\"canonical\" href=\"https:\/\/evolya.com\/noticias\/\" \/>\n<meta property=\"og:locale\" content=\"ca_ES\" \/>\n<meta property=\"og:type\" content=\"article\" \/>\n<meta property=\"og:title\" content=\"Not\u00edcies - Evolya\" \/>\n<meta property=\"og:description\" content=\"INNOVACI\u00d3 I COMPROM\u00cdS SOLUCIONS ADAPTADES A LES TEVES NECESSITATS Com podem ajudar-te?\" \/>\n<meta property=\"og:url\" content=\"https:\/\/evolya.com\/noticias\/\" \/>\n<meta property=\"og:site_name\" content=\"Evolya\" \/>\n<meta property=\"article:modified_time\" content=\"2024-02-05T11:09:51+00:00\" \/>\n<meta property=\"og:image\" content=\"https:\/\/evolya.com\/wp-content\/uploads\/logo-evolya-ok.png\" \/>\n\t<meta property=\"og:image:width\" content=\"350\" \/>\n\t<meta property=\"og:image:height\" content=\"100\" \/>\n\t<meta property=\"og:image:type\" content=\"image\/png\" \/>\n<meta name=\"twitter:card\" content=\"summary_large_image\" \/>\n<script type=\"application\/ld+json\" class=\"yoast-schema-graph\">{\"@context\":\"https:\/\/schema.org\",\"@graph\":[{\"@type\":\"WebPage\",\"@id\":\"https:\/\/evolya.com\/noticias\/\",\"url\":\"https:\/\/evolya.com\/noticias\/\",\"name\":\"Not\u00edcies - Evolya\",\"isPartOf\":{\"@id\":\"https:\/\/evolya.com\/#website\"},\"primaryImageOfPage\":{\"@id\":\"https:\/\/evolya.com\/noticias\/#primaryimage\"},\"image\":{\"@id\":\"https:\/\/evolya.com\/noticias\/#primaryimage\"},\"thumbnailUrl\":\"https:\/\/evolya.com\/wp-content\/uploads\/mallas-agricolas-evoyla-espana-Banner-1.webp\",\"datePublished\":\"2022-05-06T11:36:43+00:00\",\"dateModified\":\"2024-02-05T11:09:51+00:00\",\"breadcrumb\":{\"@id\":\"https:\/\/evolya.com\/noticias\/#breadcrumb\"},\"inLanguage\":\"ca\",\"potentialAction\":[{\"@type\":\"ReadAction\",\"target\":[\"https:\/\/evolya.com\/noticias\/\"]}]},{\"@type\":\"ImageObject\",\"inLanguage\":\"ca\",\"@id\":\"https:\/\/evolya.com\/noticias\/#primaryimage\",\"url\":\"https:\/\/evolya.com\/wp-content\/uploads\/mallas-agricolas-evoyla-espana-Banner-1.webp\",\"contentUrl\":\"https:\/\/evolya.com\/wp-content\/uploads\/mallas-agricolas-evoyla-espana-Banner-1.webp\",\"width\":1000,\"height\":562,\"caption\":\"Mallas agr\u00edcolas parala protecci\u00f3n de cultivos | Evoyla | espa\u00f1a\"},{\"@type\":\"BreadcrumbList\",\"@id\":\"https:\/\/evolya.com\/noticias\/#breadcrumb\",\"itemListElement\":[{\"@type\":\"ListItem\",\"position\":1,\"name\":\"Portada\",\"item\":\"https:\/\/evolya.com\/error-404\/\"},{\"@type\":\"ListItem\",\"position\":2,\"name\":\"Not\u00edcies\"}]},{\"@type\":\"WebSite\",\"@id\":\"https:\/\/evolya.com\/#website\",\"url\":\"https:\/\/evolya.com\/\",\"name\":\"Evolya\",\"description\":\"Evoluci\u00f3n y agricultura\",\"publisher\":{\"@id\":\"https:\/\/evolya.com\/#organization\"},\"potentialAction\":[{\"@type\":\"SearchAction\",\"target\":{\"@type\":\"EntryPoint\",\"urlTemplate\":\"https:\/\/evolya.com\/?s={search_term_string}\"},\"query-input\":{\"@type\":\"PropertyValueSpecification\",\"valueRequired\":true,\"valueName\":\"search_term_string\"}}],\"inLanguage\":\"ca\"},{\"@type\":\"Organization\",\"@id\":\"https:\/\/evolya.com\/#organization\",\"name\":\"Evolya\",\"url\":\"https:\/\/evolya.com\/\",\"logo\":{\"@type\":\"ImageObject\",\"inLanguage\":\"ca\",\"@id\":\"https:\/\/evolya.com\/#\/schema\/logo\/image\/\",\"url\":\"https:\/\/evolya.com\/wp-content\/uploads\/logo-header.jpg\",\"contentUrl\":\"https:\/\/evolya.com\/wp-content\/uploads\/logo-header.jpg\",\"width\":186,\"height\":58,\"caption\":\"Evolya\"},\"image\":{\"@id\":\"https:\/\/evolya.com\/#\/schema\/logo\/image\/\"}}]}<\/script>\n<!-- \/ Yoast SEO plugin. -->","yoast_head_json":{"title":"Not\u00edcies - Evolya","robots":{"index":"index","follow":"follow","max-snippet":"max-snippet:-1","max-image-preview":"max-image-preview:large","max-video-preview":"max-video-preview:-1"},"canonical":"https:\/\/evolya.com\/noticias\/","og_locale":"ca_ES","og_type":"article","og_title":"Not\u00edcies - Evolya","og_description":"INNOVACI\u00d3 I COMPROM\u00cdS SOLUCIONS ADAPTADES A LES TEVES NECESSITATS Com podem ajudar-te?","og_url":"https:\/\/evolya.com\/noticias\/","og_site_name":"Evolya","article_modified_time":"2024-02-05T11:09:51+00:00","og_image":[{"width":350,"height":100,"url":"https:\/\/evolya.com\/wp-content\/uploads\/logo-evolya-ok.png","type":"image\/png"}],"twitter_card":"summary_large_image","schema":{"@context":"https:\/\/schema.org","@graph":[{"@type":"WebPage","@id":"https:\/\/evolya.com\/noticias\/","url":"https:\/\/evolya.com\/noticias\/","name":"Not\u00edcies - Evolya","isPartOf":{"@id":"https:\/\/evolya.com\/#website"},"primaryImageOfPage":{"@id":"https:\/\/evolya.com\/noticias\/#primaryimage"},"image":{"@id":"https:\/\/evolya.com\/noticias\/#primaryimage"},"thumbnailUrl":"https:\/\/evolya.com\/wp-content\/uploads\/mallas-agricolas-evoyla-espana-Banner-1.webp","datePublished":"2022-05-06T11:36:43+00:00","dateModified":"2024-02-05T11:09:51+00:00","breadcrumb":{"@id":"https:\/\/evolya.com\/noticias\/#breadcrumb"},"inLanguage":"ca","potentialAction":[{"@type":"ReadAction","target":["https:\/\/evolya.com\/noticias\/"]}]},{"@type":"ImageObject","inLanguage":"ca","@id":"https:\/\/evolya.com\/noticias\/#primaryimage","url":"https:\/\/evolya.com\/wp-content\/uploads\/mallas-agricolas-evoyla-espana-Banner-1.webp","contentUrl":"https:\/\/evolya.com\/wp-content\/uploads\/mallas-agricolas-evoyla-espana-Banner-1.webp","width":1000,"height":562,"caption":"Mallas agr\u00edcolas parala protecci\u00f3n de cultivos | Evoyla | espa\u00f1a"},{"@type":"BreadcrumbList","@id":"https:\/\/evolya.com\/noticias\/#breadcrumb","itemListElement":[{"@type":"ListItem","position":1,"name":"Portada","item":"https:\/\/evolya.com\/error-404\/"},{"@type":"ListItem","position":2,"name":"Not\u00edcies"}]},{"@type":"WebSite","@id":"https:\/\/evolya.com\/#website","url":"https:\/\/evolya.com\/","name":"Evolya","description":"Evoluci\u00f3n y agricultura","publisher":{"@id":"https:\/\/evolya.com\/#organization"},"potentialAction":[{"@type":"SearchAction","target":{"@type":"EntryPoint","urlTemplate":"https:\/\/evolya.com\/?s={search_term_string}"},"query-input":{"@type":"PropertyValueSpecification","valueRequired":true,"valueName":"search_term_string"}}],"inLanguage":"ca"},{"@type":"Organization","@id":"https:\/\/evolya.com\/#organization","name":"Evolya","url":"https:\/\/evolya.com\/","logo":{"@type":"ImageObject","inLanguage":"ca","@id":"https:\/\/evolya.com\/#\/schema\/logo\/image\/","url":"https:\/\/evolya.com\/wp-content\/uploads\/logo-header.jpg","contentUrl":"https:\/\/evolya.com\/wp-content\/uploads\/logo-header.jpg","width":186,"height":58,"caption":"Evolya"},"image":{"@id":"https:\/\/evolya.com\/#\/schema\/logo\/image\/"}}]}},"_links":{"self":[{"href":"https:\/\/evolya.com\/ca\/wp-json\/wp\/v2\/pages\/5543","targetHints":{"allow":["GET"]}}],"collection":[{"href":"https:\/\/evolya.com\/ca\/wp-json\/wp\/v2\/pages"}],"about":[{"href":"https:\/\/evolya.com\/ca\/wp-json\/wp\/v2\/types\/page"}],"author":[{"embeddable":true,"href":"https:\/\/evolya.com\/ca\/wp-json\/wp\/v2\/users\/1"}],"replies":[{"embeddable":true,"href":"https:\/\/evolya.com\/ca\/wp-json\/wp\/v2\/comments?post=5543"}],"version-history":[{"count":0,"href":"https:\/\/evolya.com\/ca\/wp-json\/wp\/v2\/pages\/5543\/revisions"}],"wp:featuredmedia":[{"embeddable":true,"href":"https:\/\/evolya.com\/ca\/wp-json\/wp\/v2\/media\/6529"}],"wp:attachment":[{"href":"https:\/\/evolya.com\/ca\/wp-json\/wp\/v2\/media?parent=5543"}],"curies":[{"name":"wp","href":"https:\/\/api.w.org\/{rel}","templated":true}]}}